{"id":1398,"date":"2022-07-24T16:16:33","date_gmt":"2022-07-24T14:16:33","guid":{"rendered":"https:\/\/www.jungfraeiske-maeinskup.frl\/?page_id=1398"},"modified":"2025-12-16T13:02:55","modified_gmt":"2025-12-16T11:02:55","slug":"ostfraisk-toolkempanje","status":"publish","type":"page","link":"https:\/\/www.jungfraeiske-maeinskup.frl\/de\/output\/aksjes\/ostfraisk-toolkempanje\/","title":{"rendered":"Ostfriesische Sprachkampagne"},"content":{"rendered":"\n<p class=\"has-medium-font-size\">Die Jungfr\u00e4iske M\u00e4inskup will das ostfriesische Platt unabh\u00e4ngig vom Niederdeutschen als eigenst\u00e4ndige Sprache anerkennen lassen und hat darum eine Sprachkampagne gestartet. Unsere Forderungen und Vorstellungen begr\u00fcnden wir in einem zweisprachigen Manifest f\u00fcr die Anerkennung der ostfriesischen Sprache, das man hier herunterladen kann:<\/p>\n\n\n\n<div class=\"wp-block-file\"><a id=\"wp-block-file--media-a9037f84-c81c-4712-b5c0-0146203856e9\" href=\"https:\/\/www.jungfraeiske-maeinskup.frl\/wp-content\/uploads\/2025\/01\/JFM-Manifest-fur-die-Anerkennung-der-ostfriesischen-Sprache.pdf\">Manifest f\u00fcr die Anerkennung der ostfriesischen Sprache<\/a><a href=\"https:\/\/www.jungfraeiske-maeinskup.frl\/wp-content\/uploads\/2025\/01\/JFM-Manifest-fur-die-Anerkennung-der-ostfriesischen-Sprache.pdf\" class=\"wp-block-file__button wp-element-button\" download aria-describedby=\"wp-block-file--media-a9037f84-c81c-4712-b5c0-0146203856e9\">Herunterladen<\/a><\/div>\n\n\n\n<p class=\"has-medium-font-size\">Aber was ist die Meinung der Ostfriesen zur Zukunft der Ostfriesischen? Hier geht es zu den Ergebnissen einer kleinen Umfrage:<\/p>\n\n\n\n<div class=\"wp-block-file\"><a id=\"wp-block-file--media-755d563d-5742-413b-a781-b7ba1a4184c0\" href=\"https:\/\/www.jungfraeiske-maeinskup.frl\/wp-content\/uploads\/2022\/12\/resultooten-umfrooeg.pdf\">Umfrageergebnisse<\/a><a href=\"https:\/\/www.jungfraeiske-maeinskup.frl\/wp-content\/uploads\/2022\/12\/resultooten-umfrooeg.pdf\" class=\"wp-block-file__button wp-element-button\" download aria-describedby=\"wp-block-file--media-755d563d-5742-413b-a781-b7ba1a4184c0\">Herunterladen<\/a><\/div>\n\n\n\n<p class=\"has-medium-font-size\">Sie wollen mehr \u00fcber unsere Sprachkampagne wissen, haben Fragen zu unseren Zielen und Ideen oder wollen mit uns ins Gespr\u00e4ch kommen? Die JFM bietet f\u00fcr Vereine und Organisationen kostenlose Pr\u00e4sentationen unserer Vorstellungen f\u00fcr die Zukunft des Ostfriesischen an. Schicken Sie uns daf\u00fcr einfach eine Anfrage an <strong>vorstand@jungfraeiske-maeinskup.frl<\/strong>.<\/p>\n","protected":false},"excerpt":{"rendered":"<p>Die Jungfr\u00e4iske M\u00e4inskup will das ostfriesische Platt unabh\u00e4ngig vom Niederdeutschen als eigenst\u00e4ndige Sprache anerkennen lassen und hat darum eine Sprachkampagne gestartet. Unsere Forderungen und Vorstellungen begr\u00fcnden wir in einem zweisprachigen Manifest f\u00fcr die Anerkennung der ostfriesischen Sprache, das man hier herunterladen kann: Aber was ist die Meinung der Ostfriesen zur Zukunft der Ostfriesischen? Hier geht [&hellip;]<\/p>\n","protected":false},"author":4,"featured_media":0,"parent":1471,"menu_order":0,"comment_status":"closed","ping_status":"closed","template":"","meta":{"footnotes":""},"class_list":["post-1398","page","type-page","status-publish","hentry"],"translation":{"provider":"WPGlobus","version":"3.0.2","language":"de","enabled_languages":["fs","de","en"],"languages":{"fs":{"title":true,"content":true,"excerpt":false},"de":{"title":true,"content":true,"excerpt":false},"en":{"title":true,"content":true,"excerpt":false}}},"yoast_head":"<!-- This site is optimized with the Yoast SEO plugin v27.1 - https:\/\/yoast.com\/product\/yoast-seo-wordpress\/ -->\n<title>Ostfriesische Sprachkampagne - Jungfr\u00e4iske M\u00e4inskup<\/title>\n<meta name=\"robots\" content=\"index, follow, max-snippet:-1, max-image-preview:large, max-video-preview:-1\" \/>\n<link rel=\"canonical\" href=\"https:\/\/www.jungfraeiske-maeinskup.frl\/output\/aksjes\/ostfraisk-toolkempanje\/\" \/>\n<meta property=\"og:locale\" content=\"de_DE\" \/>\n<meta property=\"og:type\" content=\"article\" \/>\n<meta property=\"og:title\" content=\"Ostfriesische Sprachkampagne - Jungfr\u00e4iske M\u00e4inskup\" \/>\n<meta property=\"og:url\" content=\"https:\/\/www.jungfraeiske-maeinskup.frl\/output\/aksjes\/ostfraisk-toolkempanje\/\" \/>\n<meta property=\"og:site_name\" content=\"Jungfr\u00e4iske M\u00e4inskup\" \/>\n<meta property=\"article:publisher\" content=\"https:\/\/www.facebook.com\/jfmfrl\/\" \/>\n<meta property=\"article:modified_time\" content=\"2025-12-16T11:02:55+00:00\" \/>\n<meta property=\"og:image\" content=\"https:\/\/www.jungfraeiske-maeinskup.frl\/wp-content\/uploads\/2022\/08\/Ostfraisk-Plat-is-gin-Platduutsk.png\" \/>\n<meta name=\"twitter:card\" content=\"summary_large_image\" \/>\n<meta name=\"twitter:label1\" content=\"Gesch\u00e4tzte Lesezeit\" \/>\n\t<meta name=\"twitter:data1\" content=\"2\u00a0Minuten\" \/>\n<script type=\"application\/ld+json\" class=\"yoast-schema-graph\">{\"@context\":\"https:\/\/schema.org\",\"@graph\":[{\"@type\":\"WebPage\",\"@id\":\"https:\/\/www.jungfraeiske-maeinskup.frl\/output\/aksjes\/ostfraisk-toolkempanje\/\",\"url\":\"https:\/\/www.jungfraeiske-maeinskup.frl\/output\/aksjes\/ostfraisk-toolkempanje\/\",\"name\":\"Ostfriesische Sprachkampagne - Jungfr\u00e4iske M\u00e4inskup\",\"isPartOf\":{\"@id\":\"https:\/\/www.jungfraeiske-maeinskup.frl\/#website\"},\"datePublished\":\"2022-07-24T14:16:33+00:00\",\"dateModified\":\"2025-12-16T11:02:55+00:00\",\"breadcrumb\":{\"@id\":\"https:\/\/www.jungfraeiske-maeinskup.frl\/output\/aksjes\/ostfraisk-toolkempanje\/#breadcrumb\"},\"inLanguage\":\"de\",\"potentialAction\":[{\"@type\":\"ReadAction\",\"target\":[\"https:\/\/www.jungfraeiske-maeinskup.frl\/output\/aksjes\/ostfraisk-toolkempanje\/\"]}]},{\"@type\":\"BreadcrumbList\",\"@id\":\"https:\/\/www.jungfraeiske-maeinskup.frl\/output\/aksjes\/ostfraisk-toolkempanje\/#breadcrumb\",\"itemListElement\":[{\"@type\":\"ListItem\",\"position\":1,\"name\":\"Startseite\",\"item\":\"https:\/\/www.jungfraeiske-maeinskup.frl\/\"},{\"@type\":\"ListItem\",\"position\":2,\"name\":\"Projekte\",\"item\":\"https:\/\/www.jungfraeiske-maeinskup.frl\/output\/\"},{\"@type\":\"ListItem\",\"position\":3,\"name\":\"Aksjes\",\"item\":\"https:\/\/www.jungfraeiske-maeinskup.frl\/output\/aksjes\/\"},{\"@type\":\"ListItem\",\"position\":4,\"name\":\"Ostfriesische Sprachkampagne\"}]},{\"@type\":\"WebSite\",\"@id\":\"https:\/\/www.jungfraeiske-maeinskup.frl\/#website\",\"url\":\"https:\/\/www.jungfraeiske-maeinskup.frl\/\",\"name\":\"Jungfr\u00e4iske M\u00e4inskup\",\"description\":\"M\u00e4inskup f\u00f6\u00f6r t\u00f3\u00f3l un kult\u00fcer\",\"publisher\":{\"@id\":\"https:\/\/www.jungfraeiske-maeinskup.frl\/#organization\"},\"potentialAction\":[{\"@type\":\"SearchAction\",\"target\":{\"@type\":\"EntryPoint\",\"urlTemplate\":\"https:\/\/www.jungfraeiske-maeinskup.frl\/?s={search_term_string}\"},\"query-input\":{\"@type\":\"PropertyValueSpecification\",\"valueRequired\":true,\"valueName\":\"search_term_string\"}}],\"inLanguage\":\"de\"},{\"@type\":\"Organization\",\"@id\":\"https:\/\/www.jungfraeiske-maeinskup.frl\/#organization\",\"name\":\"Jungfr\u00e4iske M\u00e4inskup\",\"url\":\"https:\/\/www.jungfraeiske-maeinskup.frl\/\",\"logo\":{\"@type\":\"ImageObject\",\"inLanguage\":\"de\",\"@id\":\"https:\/\/www.jungfraeiske-maeinskup.frl\/#\/schema\/logo\/image\/\",\"url\":\"https:\/\/www.jungfraeiske-maeinskup.frl\/wp-content\/uploads\/2020\/09\/logo_mit_hg.jpg\",\"contentUrl\":\"https:\/\/www.jungfraeiske-maeinskup.frl\/wp-content\/uploads\/2020\/09\/logo_mit_hg.jpg\",\"width\":1800,\"height\":1800,\"caption\":\"Jungfr\u00e4iske M\u00e4inskup\"},\"image\":{\"@id\":\"https:\/\/www.jungfraeiske-maeinskup.frl\/#\/schema\/logo\/image\/\"},\"sameAs\":[\"https:\/\/www.facebook.com\/jfmfrl\/\"]}]}<\/script>\n<!-- \/ Yoast SEO plugin. -->","yoast_head_json":{"title":"Ostfriesische Sprachkampagne - Jungfr\u00e4iske M\u00e4inskup","robots":{"index":"index","follow":"follow","max-snippet":"max-snippet:-1","max-image-preview":"max-image-preview:large","max-video-preview":"max-video-preview:-1"},"canonical":"https:\/\/www.jungfraeiske-maeinskup.frl\/output\/aksjes\/ostfraisk-toolkempanje\/","og_locale":"de_DE","og_type":"article","og_title":"Ostfriesische Sprachkampagne - Jungfr\u00e4iske M\u00e4inskup","og_url":"https:\/\/www.jungfraeiske-maeinskup.frl\/output\/aksjes\/ostfraisk-toolkempanje\/","og_site_name":"Jungfr\u00e4iske M\u00e4inskup","article_publisher":"https:\/\/www.facebook.com\/jfmfrl\/","article_modified_time":"2025-12-16T11:02:55+00:00","og_image":[{"url":"https:\/\/www.jungfraeiske-maeinskup.frl\/wp-content\/uploads\/2022\/08\/Ostfraisk-Plat-is-gin-Platduutsk.png","type":"","width":"","height":""}],"twitter_card":"summary_large_image","twitter_misc":{"Gesch\u00e4tzte Lesezeit":"2\u00a0Minuten"},"schema":{"@context":"https:\/\/schema.org","@graph":[{"@type":"WebPage","@id":"https:\/\/www.jungfraeiske-maeinskup.frl\/output\/aksjes\/ostfraisk-toolkempanje\/","url":"https:\/\/www.jungfraeiske-maeinskup.frl\/output\/aksjes\/ostfraisk-toolkempanje\/","name":"Ostfriesische Sprachkampagne - Jungfr\u00e4iske M\u00e4inskup","isPartOf":{"@id":"https:\/\/www.jungfraeiske-maeinskup.frl\/#website"},"datePublished":"2022-07-24T14:16:33+00:00","dateModified":"2025-12-16T11:02:55+00:00","breadcrumb":{"@id":"https:\/\/www.jungfraeiske-maeinskup.frl\/output\/aksjes\/ostfraisk-toolkempanje\/#breadcrumb"},"inLanguage":"de","potentialAction":[{"@type":"ReadAction","target":["https:\/\/www.jungfraeiske-maeinskup.frl\/output\/aksjes\/ostfraisk-toolkempanje\/"]}]},{"@type":"BreadcrumbList","@id":"https:\/\/www.jungfraeiske-maeinskup.frl\/output\/aksjes\/ostfraisk-toolkempanje\/#breadcrumb","itemListElement":[{"@type":"ListItem","position":1,"name":"Startseite","item":"https:\/\/www.jungfraeiske-maeinskup.frl\/"},{"@type":"ListItem","position":2,"name":"Projekte","item":"https:\/\/www.jungfraeiske-maeinskup.frl\/output\/"},{"@type":"ListItem","position":3,"name":"Aksjes","item":"https:\/\/www.jungfraeiske-maeinskup.frl\/output\/aksjes\/"},{"@type":"ListItem","position":4,"name":"Ostfriesische Sprachkampagne"}]},{"@type":"WebSite","@id":"https:\/\/www.jungfraeiske-maeinskup.frl\/#website","url":"https:\/\/www.jungfraeiske-maeinskup.frl\/","name":"Jungfr\u00e4iske M\u00e4inskup","description":"M\u00e4inskup f\u00f6\u00f6r t\u00f3\u00f3l un kult\u00fcer","publisher":{"@id":"https:\/\/www.jungfraeiske-maeinskup.frl\/#organization"},"potentialAction":[{"@type":"SearchAction","target":{"@type":"EntryPoint","urlTemplate":"https:\/\/www.jungfraeiske-maeinskup.frl\/?s={search_term_string}"},"query-input":{"@type":"PropertyValueSpecification","valueRequired":true,"valueName":"search_term_string"}}],"inLanguage":"de"},{"@type":"Organization","@id":"https:\/\/www.jungfraeiske-maeinskup.frl\/#organization","name":"Jungfr\u00e4iske M\u00e4inskup","url":"https:\/\/www.jungfraeiske-maeinskup.frl\/","logo":{"@type":"ImageObject","inLanguage":"de","@id":"https:\/\/www.jungfraeiske-maeinskup.frl\/#\/schema\/logo\/image\/","url":"https:\/\/www.jungfraeiske-maeinskup.frl\/wp-content\/uploads\/2020\/09\/logo_mit_hg.jpg","contentUrl":"https:\/\/www.jungfraeiske-maeinskup.frl\/wp-content\/uploads\/2020\/09\/logo_mit_hg.jpg","width":1800,"height":1800,"caption":"Jungfr\u00e4iske M\u00e4inskup"},"image":{"@id":"https:\/\/www.jungfraeiske-maeinskup.frl\/#\/schema\/logo\/image\/"},"sameAs":["https:\/\/www.facebook.com\/jfmfrl\/"]}]}},"_links":{"self":[{"href":"https:\/\/www.jungfraeiske-maeinskup.frl\/de\/wp-json\/wp\/v2\/pages\/1398","targetHints":{"allow":["GET"]}}],"collection":[{"href":"https:\/\/www.jungfraeiske-maeinskup.frl\/de\/wp-json\/wp\/v2\/pages"}],"about":[{"href":"https:\/\/www.jungfraeiske-maeinskup.frl\/de\/wp-json\/wp\/v2\/types\/page"}],"author":[{"embeddable":true,"href":"https:\/\/www.jungfraeiske-maeinskup.frl\/de\/wp-json\/wp\/v2\/users\/4"}],"replies":[{"embeddable":true,"href":"https:\/\/www.jungfraeiske-maeinskup.frl\/de\/wp-json\/wp\/v2\/comments?post=1398"}],"version-history":[{"count":48,"href":"https:\/\/www.jungfraeiske-maeinskup.frl\/de\/wp-json\/wp\/v2\/pages\/1398\/revisions"}],"predecessor-version":[{"id":2682,"href":"https:\/\/www.jungfraeiske-maeinskup.frl\/de\/wp-json\/wp\/v2\/pages\/1398\/revisions\/2682"}],"up":[{"embeddable":true,"href":"https:\/\/www.jungfraeiske-maeinskup.frl\/de\/wp-json\/wp\/v2\/pages\/1471"}],"wp:attachment":[{"href":"https:\/\/www.jungfraeiske-maeinskup.frl\/de\/wp-json\/wp\/v2\/media?parent=1398"}],"curies":[{"name":"wp","href":"https:\/\/api.w.org\/{rel}","templated":true}]}}