{"id":1460,"date":"2022-11-28T15:10:17","date_gmt":"2022-11-28T13:10:17","guid":{"rendered":"https:\/\/www.jungfraeiske-maeinskup.frl\/?page_id=1460"},"modified":"2025-12-16T13:03:15","modified_gmt":"2025-12-16T11:03:15","slug":"faq-flag","status":"publish","type":"page","link":"https:\/\/www.jungfraeiske-maeinskup.frl\/de\/output\/aksjes\/ostfraisland-flag-foor-t-maurmerland-3\/faq-flag\/","title":{"rendered":"FAQ \u2013 Ostfriesische Beflaggung"},"content":{"rendered":"\n<p class=\"has-medium-font-size\"><strong>1 Welche ostfriesische Flagge ist die &#8218;richtige&#8216; Flagge?<\/strong><\/p>\n\n\n\n<p class=\"has-medium-font-size\">Die ostfriesische Trikolore ist schwarz-rot-blau. Warum? Siehe 2. <\/p>\n\n\n\n<p class=\"has-medium-font-size\"><strong>2 Ist die ostfriesische Flagge eine offizielle Flagge?<\/strong><\/p>\n\n\n\n<p class=\"has-medium-font-size\">Auf der Landschaftsversammlung (der Ostfriesischen Landschaft) im Dezember 1956 wurde ein Flaggenpassus f\u00fcr die Verfassung der Ostfriesischen Landschaft verabschiedet, der die ostfriesischen Farben als offizielle Flagge f\u00fcr die Ostfriesische Landschaft festlegte. Diese Bestimmung wurde 1957 von der Landesregierung in Hannover best\u00e4tigt (NLA AU Dep. 1 N Nr. 3476), sodass seitdem auch Beh\u00f6rden die ostfriesische Flagge bei offiziellen Anl\u00e4ssen hissen k\u00f6nnen. Die Flagge geh\u00f6rt seitdem auch allen ostfriesischen Verwaltungseinheiten (Landkreisen, Gemeinden usw.).<\/p>\n\n\n\n<p class=\"has-medium-font-size\"><strong>3 D\u00fcrfen Kommunen die Flagge mit dem Wappen (mit den H\u00e4uptlingsgeschlechtern) hissen?<\/strong><\/p>\n\n\n\n<p class=\"has-medium-font-size\">Das Wappen ist zwar \u00e4lter als die ostfriesische Flagge und die ostfriesischen Flaggen mit dem Wappen werden auch mehr verkauft als die Flaggen ohne Wappen, aber leider hat diese Flagge keinen offiziellen Status. Es gibt auch Gemeinden, die die ostfriesische Trikolore mit Gemeindewappen hissen. Diese Flaggen k\u00f6nnen offiziellen Status haben, sofern die Gemeinden sie als ihre Farben angenommen haben.<\/p>\n\n\n\n<p class=\"has-medium-font-size\"><strong>4 Schreibt das nieders\u00e4chsische Wappengesetz nur die L\u00e4nder-, Bundes- und europ\u00e4ische Flagge vor?<\/strong><\/p>\n\n\n\n<p class=\"has-medium-font-size\">Nein, tut es nicht. Das Nieders\u00e4chsische Wappengesetz schreibt vor, wie die Landesflagge und Landeswappen gestaltet werden. In den Ausf\u00fchrungsbestimmungen zum Nieders\u00e4chsischen Wappengesetz findet man unter 1.4: &#8222;Den der Aufsicht des Landes unterstehenden K\u00f6rperschaften [\u2026] des \u00f6ffentlichen Rechts wird empfohlen, an den festgelegten Tagen ihre Dienststellen ebenfalls zu beflaggen.&#8220; Kommunen d\u00fcrfen also innerhalb des Gesetzes selbst \u00fcber ihre Beflaggung entscheiden, es wird ihnen nur empfohlen, sich an die Beflaggungstage zu halten. <\/p>\n\n\n\n<p class=\"has-medium-font-size\"><strong>5 Schreibt die Bundesflaggenordnung nur die L\u00e4nder-, Bundes- und europ\u00e4ische Flagge vor?<\/strong><\/p>\n\n\n\n<p class=\"has-medium-font-size\">Die Bundesflaggenordnung bezieht sich nur auf Rath\u00e4user im Bundeseigentum, Rath\u00e4user im Eigentum der Kommune bleiben davon unber\u00fchrt.<\/p>\n\n\n\n<p class=\"has-medium-font-size\"><strong>6 Wer entscheidet \u00fcber die Beflaggung?<\/strong><\/p>\n\n\n\n<p class=\"has-medium-font-size\">Die Kommune &gt; siehe Frage 4.<\/p>\n\n\n\n<p class=\"has-medium-font-size\"><strong>7 Warum haben (Ost)Friesen das Recht auf Beflaggung?<\/strong><\/p>\n\n\n\n<p class=\"has-medium-font-size\">Die Friesen sind eine der vier staatlich und europ\u00e4isch anerkannten nationalen Minderheiten in Deutschland. Die anderen Minderheiten sind die D\u00e4nen, Sorben und Sinti &amp; Roma. Das Rahmen\u00fcberkommen zum Schutz nationaler Minderheiten trat in der Bundesrepublik Deutschland am 01.02.1998 in Kraft. Schon im &#8218;Vorwort&#8216; kann man lesen, dass eine demokratische Gesellschaft geeignete Bedingungen schaffen sollte, die &#8222;&#8230; die eigene Identit\u00e4t [der Minderheiten] zum Ausdruck bringen &#8230;&#8220; (bzw. bewahren\/weiterentwickeln).<\/p>\n\n\n\n<p class=\"has-medium-font-size\"><strong>8 Wird die ostfriesische Flagge bereits gehisst?<\/strong><\/p>\n\n\n\n<p class=\"has-medium-font-size\">In der Gemeinde Ihlow h\u00e4ngt bereits eine Ostfrieslandflagge vor dem Rathaus. In einigen anderen Gemeinden diskutiert man im Gemeinderat noch \u00fcber die ostfriesische Flagge.<\/p>\n","protected":false},"excerpt":{"rendered":"<p>1 Welche ostfriesische Flagge ist die &#8218;richtige&#8216; Flagge? Die ostfriesische Trikolore ist schwarz-rot-blau. Warum? Siehe 2. 2 Ist die ostfriesische Flagge eine offizielle Flagge? Auf der Landschaftsversammlung (der Ostfriesischen Landschaft) im Dezember 1956 wurde ein Flaggenpassus f\u00fcr die Verfassung der Ostfriesischen Landschaft verabschiedet, der die ostfriesischen Farben als offizielle Flagge f\u00fcr die Ostfriesische Landschaft festlegte. [&hellip;]<\/p>\n","protected":false},"author":2,"featured_media":0,"parent":1991,"menu_order":0,"comment_status":"closed","ping_status":"closed","template":"","meta":{"footnotes":""},"class_list":["post-1460","page","type-page","status-publish","hentry"],"translation":{"provider":"WPGlobus","version":"3.0.2","language":"de","enabled_languages":["fs","de","en"],"languages":{"fs":{"title":true,"content":true,"excerpt":false},"de":{"title":true,"content":true,"excerpt":false},"en":{"title":true,"content":true,"excerpt":false}}},"yoast_head":"<!-- This site is optimized with the Yoast SEO plugin v27.1 - https:\/\/yoast.com\/product\/yoast-seo-wordpress\/ -->\n<title>FAQ \u2013 Ostfriesische Beflaggung - Jungfr\u00e4iske M\u00e4inskup<\/title>\n<meta name=\"robots\" content=\"index, follow, max-snippet:-1, max-image-preview:large, max-video-preview:-1\" \/>\n<link rel=\"canonical\" href=\"https:\/\/www.jungfraeiske-maeinskup.frl\/output\/ostfraisland-flag-foor-t-maurmerland-3\/faq-flag\/\" \/>\n<meta property=\"og:locale\" content=\"de_DE\" \/>\n<meta property=\"og:type\" content=\"article\" \/>\n<meta property=\"og:title\" content=\"FAQ \u2013 Ostfriesische Beflaggung - Jungfr\u00e4iske M\u00e4inskup\" \/>\n<meta property=\"og:url\" content=\"https:\/\/www.jungfraeiske-maeinskup.frl\/output\/ostfraisland-flag-foor-t-maurmerland-3\/faq-flag\/\" \/>\n<meta property=\"og:site_name\" content=\"Jungfr\u00e4iske M\u00e4inskup\" \/>\n<meta property=\"article:publisher\" content=\"https:\/\/www.facebook.com\/jfmfrl\/\" \/>\n<meta property=\"article:modified_time\" content=\"2025-12-16T11:03:15+00:00\" \/>\n<meta property=\"og:image\" content=\"https:\/\/www.jungfraeiske-maeinskup.frl\/wp-content\/uploads\/2022\/11\/faq-ostfraisk-724x1024.jpeg\" \/>\n<meta name=\"twitter:card\" content=\"summary_large_image\" \/>\n<meta name=\"twitter:label1\" content=\"Gesch\u00e4tzte Lesezeit\" \/>\n\t<meta name=\"twitter:data1\" content=\"3\u00a0Minuten\" \/>\n<script type=\"application\/ld+json\" class=\"yoast-schema-graph\">{\"@context\":\"https:\/\/schema.org\",\"@graph\":[{\"@type\":\"WebPage\",\"@id\":\"https:\/\/www.jungfraeiske-maeinskup.frl\/output\/ostfraisland-flag-foor-t-maurmerland-3\/faq-flag\/\",\"url\":\"https:\/\/www.jungfraeiske-maeinskup.frl\/output\/ostfraisland-flag-foor-t-maurmerland-3\/faq-flag\/\",\"name\":\"FAQ \u2013 Ostfriesische Beflaggung - Jungfr\u00e4iske M\u00e4inskup\",\"isPartOf\":{\"@id\":\"https:\/\/www.jungfraeiske-maeinskup.frl\/#website\"},\"datePublished\":\"2022-11-28T13:10:17+00:00\",\"dateModified\":\"2025-12-16T11:03:15+00:00\",\"breadcrumb\":{\"@id\":\"https:\/\/www.jungfraeiske-maeinskup.frl\/output\/ostfraisland-flag-foor-t-maurmerland-3\/faq-flag\/#breadcrumb\"},\"inLanguage\":\"de\",\"potentialAction\":[{\"@type\":\"ReadAction\",\"target\":[\"https:\/\/www.jungfraeiske-maeinskup.frl\/output\/ostfraisland-flag-foor-t-maurmerland-3\/faq-flag\/\"]}]},{\"@type\":\"BreadcrumbList\",\"@id\":\"https:\/\/www.jungfraeiske-maeinskup.frl\/output\/ostfraisland-flag-foor-t-maurmerland-3\/faq-flag\/#breadcrumb\",\"itemListElement\":[{\"@type\":\"ListItem\",\"position\":1,\"name\":\"Startseite\",\"item\":\"https:\/\/www.jungfraeiske-maeinskup.frl\/\"},{\"@type\":\"ListItem\",\"position\":2,\"name\":\"Projekte\",\"item\":\"https:\/\/www.jungfraeiske-maeinskup.frl\/output\/\"},{\"@type\":\"ListItem\",\"position\":3,\"name\":\"FAQ \u2013 \u014cstfr\u00e4isk fl\u00e2\u011f f\u00f6\u00f6er &#8216;t r\u00f3\u00f3dh\u016bs\"}]},{\"@type\":\"WebSite\",\"@id\":\"https:\/\/www.jungfraeiske-maeinskup.frl\/#website\",\"url\":\"https:\/\/www.jungfraeiske-maeinskup.frl\/\",\"name\":\"Jungfr\u00e4iske M\u00e4inskup\",\"description\":\"M\u00e4inskup f\u00f6\u00f6r t\u00f3\u00f3l un kult\u00fcer\",\"publisher\":{\"@id\":\"https:\/\/www.jungfraeiske-maeinskup.frl\/#organization\"},\"potentialAction\":[{\"@type\":\"SearchAction\",\"target\":{\"@type\":\"EntryPoint\",\"urlTemplate\":\"https:\/\/www.jungfraeiske-maeinskup.frl\/?s={search_term_string}\"},\"query-input\":{\"@type\":\"PropertyValueSpecification\",\"valueRequired\":true,\"valueName\":\"search_term_string\"}}],\"inLanguage\":\"de\"},{\"@type\":\"Organization\",\"@id\":\"https:\/\/www.jungfraeiske-maeinskup.frl\/#organization\",\"name\":\"Jungfr\u00e4iske M\u00e4inskup\",\"url\":\"https:\/\/www.jungfraeiske-maeinskup.frl\/\",\"logo\":{\"@type\":\"ImageObject\",\"inLanguage\":\"de\",\"@id\":\"https:\/\/www.jungfraeiske-maeinskup.frl\/#\/schema\/logo\/image\/\",\"url\":\"https:\/\/www.jungfraeiske-maeinskup.frl\/wp-content\/uploads\/2020\/09\/logo_mit_hg.jpg\",\"contentUrl\":\"https:\/\/www.jungfraeiske-maeinskup.frl\/wp-content\/uploads\/2020\/09\/logo_mit_hg.jpg\",\"width\":1800,\"height\":1800,\"caption\":\"Jungfr\u00e4iske M\u00e4inskup\"},\"image\":{\"@id\":\"https:\/\/www.jungfraeiske-maeinskup.frl\/#\/schema\/logo\/image\/\"},\"sameAs\":[\"https:\/\/www.facebook.com\/jfmfrl\/\"]}]}<\/script>\n<!-- \/ Yoast SEO plugin. -->","yoast_head_json":{"title":"FAQ \u2013 Ostfriesische Beflaggung - Jungfr\u00e4iske M\u00e4inskup","robots":{"index":"index","follow":"follow","max-snippet":"max-snippet:-1","max-image-preview":"max-image-preview:large","max-video-preview":"max-video-preview:-1"},"canonical":"https:\/\/www.jungfraeiske-maeinskup.frl\/output\/ostfraisland-flag-foor-t-maurmerland-3\/faq-flag\/","og_locale":"de_DE","og_type":"article","og_title":"FAQ \u2013 Ostfriesische Beflaggung - Jungfr\u00e4iske M\u00e4inskup","og_url":"https:\/\/www.jungfraeiske-maeinskup.frl\/output\/ostfraisland-flag-foor-t-maurmerland-3\/faq-flag\/","og_site_name":"Jungfr\u00e4iske M\u00e4inskup","article_publisher":"https:\/\/www.facebook.com\/jfmfrl\/","article_modified_time":"2025-12-16T11:03:15+00:00","og_image":[{"url":"https:\/\/www.jungfraeiske-maeinskup.frl\/wp-content\/uploads\/2022\/11\/faq-ostfraisk-724x1024.jpeg","type":"","width":"","height":""}],"twitter_card":"summary_large_image","twitter_misc":{"Gesch\u00e4tzte Lesezeit":"3\u00a0Minuten"},"schema":{"@context":"https:\/\/schema.org","@graph":[{"@type":"WebPage","@id":"https:\/\/www.jungfraeiske-maeinskup.frl\/output\/ostfraisland-flag-foor-t-maurmerland-3\/faq-flag\/","url":"https:\/\/www.jungfraeiske-maeinskup.frl\/output\/ostfraisland-flag-foor-t-maurmerland-3\/faq-flag\/","name":"FAQ \u2013 Ostfriesische Beflaggung - Jungfr\u00e4iske M\u00e4inskup","isPartOf":{"@id":"https:\/\/www.jungfraeiske-maeinskup.frl\/#website"},"datePublished":"2022-11-28T13:10:17+00:00","dateModified":"2025-12-16T11:03:15+00:00","breadcrumb":{"@id":"https:\/\/www.jungfraeiske-maeinskup.frl\/output\/ostfraisland-flag-foor-t-maurmerland-3\/faq-flag\/#breadcrumb"},"inLanguage":"de","potentialAction":[{"@type":"ReadAction","target":["https:\/\/www.jungfraeiske-maeinskup.frl\/output\/ostfraisland-flag-foor-t-maurmerland-3\/faq-flag\/"]}]},{"@type":"BreadcrumbList","@id":"https:\/\/www.jungfraeiske-maeinskup.frl\/output\/ostfraisland-flag-foor-t-maurmerland-3\/faq-flag\/#breadcrumb","itemListElement":[{"@type":"ListItem","position":1,"name":"Startseite","item":"https:\/\/www.jungfraeiske-maeinskup.frl\/"},{"@type":"ListItem","position":2,"name":"Projekte","item":"https:\/\/www.jungfraeiske-maeinskup.frl\/output\/"},{"@type":"ListItem","position":3,"name":"FAQ \u2013 \u014cstfr\u00e4isk fl\u00e2\u011f f\u00f6\u00f6er &#8216;t r\u00f3\u00f3dh\u016bs"}]},{"@type":"WebSite","@id":"https:\/\/www.jungfraeiske-maeinskup.frl\/#website","url":"https:\/\/www.jungfraeiske-maeinskup.frl\/","name":"Jungfr\u00e4iske M\u00e4inskup","description":"M\u00e4inskup f\u00f6\u00f6r t\u00f3\u00f3l un kult\u00fcer","publisher":{"@id":"https:\/\/www.jungfraeiske-maeinskup.frl\/#organization"},"potentialAction":[{"@type":"SearchAction","target":{"@type":"EntryPoint","urlTemplate":"https:\/\/www.jungfraeiske-maeinskup.frl\/?s={search_term_string}"},"query-input":{"@type":"PropertyValueSpecification","valueRequired":true,"valueName":"search_term_string"}}],"inLanguage":"de"},{"@type":"Organization","@id":"https:\/\/www.jungfraeiske-maeinskup.frl\/#organization","name":"Jungfr\u00e4iske M\u00e4inskup","url":"https:\/\/www.jungfraeiske-maeinskup.frl\/","logo":{"@type":"ImageObject","inLanguage":"de","@id":"https:\/\/www.jungfraeiske-maeinskup.frl\/#\/schema\/logo\/image\/","url":"https:\/\/www.jungfraeiske-maeinskup.frl\/wp-content\/uploads\/2020\/09\/logo_mit_hg.jpg","contentUrl":"https:\/\/www.jungfraeiske-maeinskup.frl\/wp-content\/uploads\/2020\/09\/logo_mit_hg.jpg","width":1800,"height":1800,"caption":"Jungfr\u00e4iske M\u00e4inskup"},"image":{"@id":"https:\/\/www.jungfraeiske-maeinskup.frl\/#\/schema\/logo\/image\/"},"sameAs":["https:\/\/www.facebook.com\/jfmfrl\/"]}]}},"_links":{"self":[{"href":"https:\/\/www.jungfraeiske-maeinskup.frl\/de\/wp-json\/wp\/v2\/pages\/1460","targetHints":{"allow":["GET"]}}],"collection":[{"href":"https:\/\/www.jungfraeiske-maeinskup.frl\/de\/wp-json\/wp\/v2\/pages"}],"about":[{"href":"https:\/\/www.jungfraeiske-maeinskup.frl\/de\/wp-json\/wp\/v2\/types\/page"}],"author":[{"embeddable":true,"href":"https:\/\/www.jungfraeiske-maeinskup.frl\/de\/wp-json\/wp\/v2\/users\/2"}],"replies":[{"embeddable":true,"href":"https:\/\/www.jungfraeiske-maeinskup.frl\/de\/wp-json\/wp\/v2\/comments?post=1460"}],"version-history":[{"count":25,"href":"https:\/\/www.jungfraeiske-maeinskup.frl\/de\/wp-json\/wp\/v2\/pages\/1460\/revisions"}],"predecessor-version":[{"id":2679,"href":"https:\/\/www.jungfraeiske-maeinskup.frl\/de\/wp-json\/wp\/v2\/pages\/1460\/revisions\/2679"}],"up":[{"embeddable":true,"href":"https:\/\/www.jungfraeiske-maeinskup.frl\/de\/wp-json\/wp\/v2\/pages\/1991"}],"wp:attachment":[{"href":"https:\/\/www.jungfraeiske-maeinskup.frl\/de\/wp-json\/wp\/v2\/media?parent=1460"}],"curies":[{"name":"wp","href":"https:\/\/api.w.org\/{rel}","templated":true}]}}