{"id":2282,"date":"2024-02-17T13:38:34","date_gmt":"2024-02-17T11:38:34","guid":{"rendered":"https:\/\/www.jungfraeiske-maeinskup.frl\/?page_id=2282"},"modified":"2025-12-16T12:39:22","modified_gmt":"2025-12-16T10:39:22","slug":"leerpad","status":"publish","type":"page","link":"https:\/\/www.jungfraeiske-maeinskup.frl\/de\/leeren\/leerpad\/","title":{"rendered":"Ostfriesischer Lernpfad"},"content":{"rendered":"\n<p class=\"has-large-font-size\">Du willst Ostfriesisches Platt lernen oder aufbessern?<\/p>\n\n\n\n<p class=\"has-medium-font-size\"><strong>Wie k\u00f6nnte der Lernweg f\u00fcr dich aussehen?<\/strong><\/p>\n\n\n\n<ul class=\"wp-block-list\">\n<li class=\"has-medium-font-size\">Schritt 1: Mach den <a href=\"https:\/\/oostfraeisk.org\/onlinecourse\">Online-Kurs (E-Learning)<\/a>. Hier kann man erstmal die \u2018Basics\u2019 lernen.<\/li>\n\n\n\n<li class=\"has-medium-font-size\">Schritt 2a: Wer auf den Geschmack gekommen ist, der kann das <a href=\"https:\/\/oostfraeisk.org\/coursebook\">Selbststudium<\/a> machen.<\/li>\n\n\n\n<li class=\"has-medium-font-size\">Schritt 2b: Mit dem Selbststudium kann man zeitgleich auch am Frontalunterricht teilnehmen. Melde dich bei uns f\u00fcr neue Termine an.<\/li>\n\n\n\n<li class=\"has-medium-font-size\">Schritt 3a: Jetzt wird es Zeit um an Aktivit\u00e4ten teilzunehmen bei denen Ostfriesisches Platt gesprochen wird. Jetzt bist du also schon Teil unserer Community.<\/li>\n\n\n\n<li class=\"has-medium-font-size\">Schritt 3b: Wer die Basics schonmal gemeistert hat, der kann so langsam B\u00fccher auf Ostfriesisch lesen. Hier geht es zu den ostfriesischen <a href=\"https:\/\/oostfraeisk.org\/downloads\">E-Books<\/a>.<\/li>\n\n\n\n<li class=\"has-medium-font-size\">Schritt 3c: Es gibt Musik auf Ostfriesisch Platt. Zu empfehlen sind <a href=\"https:\/\/www.youtube.com\/@meyer5259\">Meyer<\/a> und <a href=\"https:\/\/www.youtube.com\/results?search_query=hannes+flesner\">Hannes Flesner<\/a>.<\/li>\n<\/ul>\n\n\n\n<p class=\"has-medium-font-size\">Auf <a href=\"https:\/\/oostfraeisk.org\">oostfraeisk.org<\/a> findet man das gr\u00f6\u00dfte Online-W\u00f6rterbuch des Ostfriesischen Platt und eine ausf\u00fchrliche Grammatik.<\/p>\n\n\n\n<p class=\"has-large-font-size\">Ostfriesisch Platt aufbessern<\/p>\n\n\n\n<p class=\"has-medium-font-size\">Wer sein Ostfriesisch Platt verbessern m\u00f6chte, der kann sich gerne bei uns melden. Neben den vielen Ressourcen und ostfriesischsprachigen Veranstaltungen haben wir auch eine offene WhatsApp-Gruppe, wo viel Ostfriesisch geschrieben wird.<\/p>\n","protected":false},"excerpt":{"rendered":"<p>Du willst Ostfriesisches Platt lernen oder aufbessern? Wie k\u00f6nnte der Lernweg f\u00fcr dich aussehen? Auf oostfraeisk.org findet man das gr\u00f6\u00dfte Online-W\u00f6rterbuch des Ostfriesischen Platt und eine ausf\u00fchrliche Grammatik. Ostfriesisch Platt aufbessern Wer sein Ostfriesisch Platt verbessern m\u00f6chte, der kann sich gerne bei uns melden. Neben den vielen Ressourcen und ostfriesischsprachigen Veranstaltungen haben wir auch eine [&hellip;]<\/p>\n","protected":false},"author":2,"featured_media":0,"parent":2277,"menu_order":0,"comment_status":"closed","ping_status":"closed","template":"","meta":{"footnotes":""},"class_list":["post-2282","page","type-page","status-publish","hentry"],"translation":{"provider":"WPGlobus","version":"3.0.2","language":"de","enabled_languages":["fs","de","en"],"languages":{"fs":{"title":true,"content":true,"excerpt":false},"de":{"title":true,"content":true,"excerpt":false},"en":{"title":true,"content":true,"excerpt":false}}},"yoast_head":"<!-- This site is optimized with the Yoast SEO plugin v27.1 - https:\/\/yoast.com\/product\/yoast-seo-wordpress\/ -->\n<title>Ostfriesischer Lernpfad - Jungfr\u00e4iske M\u00e4inskup<\/title>\n<meta name=\"robots\" content=\"index, follow, max-snippet:-1, max-image-preview:large, max-video-preview:-1\" \/>\n<link rel=\"canonical\" href=\"https:\/\/www.jungfraeiske-maeinskup.frl\/de\/leeren\/leerpad\/\" \/>\n<meta property=\"og:locale\" content=\"de_DE\" \/>\n<meta property=\"og:type\" content=\"article\" \/>\n<meta property=\"og:title\" content=\"Ostfriesischer Lernpfad - Jungfr\u00e4iske M\u00e4inskup\" \/>\n<meta property=\"og:url\" content=\"https:\/\/www.jungfraeiske-maeinskup.frl\/de\/leeren\/leerpad\/\" \/>\n<meta property=\"og:site_name\" content=\"Jungfr\u00e4iske M\u00e4inskup\" \/>\n<meta property=\"article:publisher\" content=\"https:\/\/www.facebook.com\/jfmfrl\/\" \/>\n<meta property=\"article:modified_time\" content=\"2025-12-16T10:39:22+00:00\" \/>\n<meta name=\"twitter:card\" content=\"summary_large_image\" \/>\n<meta name=\"twitter:label1\" content=\"Gesch\u00e4tzte Lesezeit\" \/>\n\t<meta name=\"twitter:data1\" content=\"1\u00a0Minute\" \/>\n<script type=\"application\/ld+json\" class=\"yoast-schema-graph\">{\"@context\":\"https:\/\/schema.org\",\"@graph\":[{\"@type\":\"WebPage\",\"@id\":\"https:\/\/www.jungfraeiske-maeinskup.frl\/de\/leeren\/leerpad\/\",\"url\":\"https:\/\/www.jungfraeiske-maeinskup.frl\/de\/leeren\/leerpad\/\",\"name\":\"Ostfriesischer Lernpfad - Jungfr\u00e4iske M\u00e4inskup\",\"isPartOf\":{\"@id\":\"https:\/\/www.jungfraeiske-maeinskup.frl\/#website\"},\"datePublished\":\"2024-02-17T11:38:34+00:00\",\"dateModified\":\"2025-12-16T10:39:22+00:00\",\"breadcrumb\":{\"@id\":\"https:\/\/www.jungfraeiske-maeinskup.frl\/de\/leeren\/leerpad\/#breadcrumb\"},\"inLanguage\":\"de\",\"potentialAction\":[{\"@type\":\"ReadAction\",\"target\":[\"https:\/\/www.jungfraeiske-maeinskup.frl\/de\/leeren\/leerpad\/\"]}]},{\"@type\":\"BreadcrumbList\",\"@id\":\"https:\/\/www.jungfraeiske-maeinskup.frl\/de\/leeren\/leerpad\/#breadcrumb\",\"itemListElement\":[{\"@type\":\"ListItem\",\"position\":1,\"name\":\"Startseite\",\"item\":\"https:\/\/www.jungfraeiske-maeinskup.frl\/\"},{\"@type\":\"ListItem\",\"position\":2,\"name\":\"Lernen\",\"item\":\"https:\/\/www.jungfraeiske-maeinskup.frl\/de\/leeren\/\"},{\"@type\":\"ListItem\",\"position\":3,\"name\":\"Ostfriesischer Lernpfad\"}]},{\"@type\":\"WebSite\",\"@id\":\"https:\/\/www.jungfraeiske-maeinskup.frl\/#website\",\"url\":\"https:\/\/www.jungfraeiske-maeinskup.frl\/\",\"name\":\"Jungfr\u00e4iske M\u00e4inskup\",\"description\":\"M\u00e4inskup f\u00f6\u00f6r t\u00f3\u00f3l un kult\u00fcer\",\"publisher\":{\"@id\":\"https:\/\/www.jungfraeiske-maeinskup.frl\/#organization\"},\"potentialAction\":[{\"@type\":\"SearchAction\",\"target\":{\"@type\":\"EntryPoint\",\"urlTemplate\":\"https:\/\/www.jungfraeiske-maeinskup.frl\/?s={search_term_string}\"},\"query-input\":{\"@type\":\"PropertyValueSpecification\",\"valueRequired\":true,\"valueName\":\"search_term_string\"}}],\"inLanguage\":\"de\"},{\"@type\":\"Organization\",\"@id\":\"https:\/\/www.jungfraeiske-maeinskup.frl\/#organization\",\"name\":\"Jungfr\u00e4iske M\u00e4inskup\",\"url\":\"https:\/\/www.jungfraeiske-maeinskup.frl\/\",\"logo\":{\"@type\":\"ImageObject\",\"inLanguage\":\"de\",\"@id\":\"https:\/\/www.jungfraeiske-maeinskup.frl\/#\/schema\/logo\/image\/\",\"url\":\"https:\/\/www.jungfraeiske-maeinskup.frl\/wp-content\/uploads\/2020\/09\/logo_mit_hg.jpg\",\"contentUrl\":\"https:\/\/www.jungfraeiske-maeinskup.frl\/wp-content\/uploads\/2020\/09\/logo_mit_hg.jpg\",\"width\":1800,\"height\":1800,\"caption\":\"Jungfr\u00e4iske M\u00e4inskup\"},\"image\":{\"@id\":\"https:\/\/www.jungfraeiske-maeinskup.frl\/#\/schema\/logo\/image\/\"},\"sameAs\":[\"https:\/\/www.facebook.com\/jfmfrl\/\"]}]}<\/script>\n<!-- \/ Yoast SEO plugin. -->","yoast_head_json":{"title":"Ostfriesischer Lernpfad - Jungfr\u00e4iske M\u00e4inskup","robots":{"index":"index","follow":"follow","max-snippet":"max-snippet:-1","max-image-preview":"max-image-preview:large","max-video-preview":"max-video-preview:-1"},"canonical":"https:\/\/www.jungfraeiske-maeinskup.frl\/de\/leeren\/leerpad\/","og_locale":"de_DE","og_type":"article","og_title":"Ostfriesischer Lernpfad - Jungfr\u00e4iske M\u00e4inskup","og_url":"https:\/\/www.jungfraeiske-maeinskup.frl\/de\/leeren\/leerpad\/","og_site_name":"Jungfr\u00e4iske M\u00e4inskup","article_publisher":"https:\/\/www.facebook.com\/jfmfrl\/","article_modified_time":"2025-12-16T10:39:22+00:00","twitter_card":"summary_large_image","twitter_misc":{"Gesch\u00e4tzte Lesezeit":"1\u00a0Minute"},"schema":{"@context":"https:\/\/schema.org","@graph":[{"@type":"WebPage","@id":"https:\/\/www.jungfraeiske-maeinskup.frl\/de\/leeren\/leerpad\/","url":"https:\/\/www.jungfraeiske-maeinskup.frl\/de\/leeren\/leerpad\/","name":"Ostfriesischer Lernpfad - Jungfr\u00e4iske M\u00e4inskup","isPartOf":{"@id":"https:\/\/www.jungfraeiske-maeinskup.frl\/#website"},"datePublished":"2024-02-17T11:38:34+00:00","dateModified":"2025-12-16T10:39:22+00:00","breadcrumb":{"@id":"https:\/\/www.jungfraeiske-maeinskup.frl\/de\/leeren\/leerpad\/#breadcrumb"},"inLanguage":"de","potentialAction":[{"@type":"ReadAction","target":["https:\/\/www.jungfraeiske-maeinskup.frl\/de\/leeren\/leerpad\/"]}]},{"@type":"BreadcrumbList","@id":"https:\/\/www.jungfraeiske-maeinskup.frl\/de\/leeren\/leerpad\/#breadcrumb","itemListElement":[{"@type":"ListItem","position":1,"name":"Startseite","item":"https:\/\/www.jungfraeiske-maeinskup.frl\/"},{"@type":"ListItem","position":2,"name":"Lernen","item":"https:\/\/www.jungfraeiske-maeinskup.frl\/de\/leeren\/"},{"@type":"ListItem","position":3,"name":"Ostfriesischer Lernpfad"}]},{"@type":"WebSite","@id":"https:\/\/www.jungfraeiske-maeinskup.frl\/#website","url":"https:\/\/www.jungfraeiske-maeinskup.frl\/","name":"Jungfr\u00e4iske M\u00e4inskup","description":"M\u00e4inskup f\u00f6\u00f6r t\u00f3\u00f3l un kult\u00fcer","publisher":{"@id":"https:\/\/www.jungfraeiske-maeinskup.frl\/#organization"},"potentialAction":[{"@type":"SearchAction","target":{"@type":"EntryPoint","urlTemplate":"https:\/\/www.jungfraeiske-maeinskup.frl\/?s={search_term_string}"},"query-input":{"@type":"PropertyValueSpecification","valueRequired":true,"valueName":"search_term_string"}}],"inLanguage":"de"},{"@type":"Organization","@id":"https:\/\/www.jungfraeiske-maeinskup.frl\/#organization","name":"Jungfr\u00e4iske M\u00e4inskup","url":"https:\/\/www.jungfraeiske-maeinskup.frl\/","logo":{"@type":"ImageObject","inLanguage":"de","@id":"https:\/\/www.jungfraeiske-maeinskup.frl\/#\/schema\/logo\/image\/","url":"https:\/\/www.jungfraeiske-maeinskup.frl\/wp-content\/uploads\/2020\/09\/logo_mit_hg.jpg","contentUrl":"https:\/\/www.jungfraeiske-maeinskup.frl\/wp-content\/uploads\/2020\/09\/logo_mit_hg.jpg","width":1800,"height":1800,"caption":"Jungfr\u00e4iske M\u00e4inskup"},"image":{"@id":"https:\/\/www.jungfraeiske-maeinskup.frl\/#\/schema\/logo\/image\/"},"sameAs":["https:\/\/www.facebook.com\/jfmfrl\/"]}]}},"_links":{"self":[{"href":"https:\/\/www.jungfraeiske-maeinskup.frl\/de\/wp-json\/wp\/v2\/pages\/2282","targetHints":{"allow":["GET"]}}],"collection":[{"href":"https:\/\/www.jungfraeiske-maeinskup.frl\/de\/wp-json\/wp\/v2\/pages"}],"about":[{"href":"https:\/\/www.jungfraeiske-maeinskup.frl\/de\/wp-json\/wp\/v2\/types\/page"}],"author":[{"embeddable":true,"href":"https:\/\/www.jungfraeiske-maeinskup.frl\/de\/wp-json\/wp\/v2\/users\/2"}],"replies":[{"embeddable":true,"href":"https:\/\/www.jungfraeiske-maeinskup.frl\/de\/wp-json\/wp\/v2\/comments?post=2282"}],"version-history":[{"count":20,"href":"https:\/\/www.jungfraeiske-maeinskup.frl\/de\/wp-json\/wp\/v2\/pages\/2282\/revisions"}],"predecessor-version":[{"id":2675,"href":"https:\/\/www.jungfraeiske-maeinskup.frl\/de\/wp-json\/wp\/v2\/pages\/2282\/revisions\/2675"}],"up":[{"embeddable":true,"href":"https:\/\/www.jungfraeiske-maeinskup.frl\/de\/wp-json\/wp\/v2\/pages\/2277"}],"wp:attachment":[{"href":"https:\/\/www.jungfraeiske-maeinskup.frl\/de\/wp-json\/wp\/v2\/media?parent=2282"}],"curies":[{"name":"wp","href":"https:\/\/api.w.org\/{rel}","templated":true}]}}