{"id":529,"date":"2020-10-20T10:56:36","date_gmt":"2020-10-20T08:56:36","guid":{"rendered":"http:\/\/www.jungfraeiske-maeinskup.frl\/?page_id=529"},"modified":"2025-12-16T12:46:31","modified_gmt":"2025-12-16T10:46:31","slug":"oostfraeisk-org","status":"publish","type":"page","link":"https:\/\/www.jungfraeiske-maeinskup.frl\/de\/output\/oostfraeisk-org\/","title":{"rendered":"oostfraeisk.org"},"content":{"rendered":"\n<p class=\"has-large-font-size\">Das standardostfriesische W\u00f6rterbuch<\/p>\n\n\n\n<p class=\"has-medium-font-size\">Seit Ende 2019 arbeitet unser Mitglied Onno Dirk Feldmann als Projektleiter von oostfraeisk.org an der Umsetzung eines standardostfriesischen W\u00f6rterbuches.<\/p>\n\n\n\n<p class=\"has-medium-font-size\">Das W\u00f6rterbuch von Feldmann, welches wir als Verein unterst\u00fctzen, standardisiert die Ostfriesische Sprache auf den au-Dialekt &#8211; den ostfriesischen Zentraldialekt, der obendrein auch der gr\u00f6\u00dfte ostfriesische Dialekt ist. <\/p>\n\n\n\n<p class=\"has-medium-font-size\">Dieses W\u00f6rterbuch hat aktuell ungef\u00e4hr 100.000 Datens\u00e4tze (Stand Januar 2025), die einzelne W\u00f6rter, genauso wie Wendungen und Redewendungen als auch Beispiele enthalten. Neben einer Version Ostfriesisch-Deutsch ist auch eine Version Ostfriesisch-Englisch verf\u00fcgbar.<\/p>\n\n\n\n<p class=\"has-medium-font-size\"><a href=\"https:\/\/oostfraeisk.org\">oostfraeisk.org<\/a><\/p>\n","protected":false},"excerpt":{"rendered":"<p>Das standardostfriesische W\u00f6rterbuch Seit Ende 2019 arbeitet unser Mitglied Onno Dirk Feldmann als Projektleiter von oostfraeisk.org an der Umsetzung eines standardostfriesischen W\u00f6rterbuches. Das W\u00f6rterbuch von Feldmann, welches wir als Verein unterst\u00fctzen, standardisiert die Ostfriesische Sprache auf den au-Dialekt &#8211; den ostfriesischen Zentraldialekt, der obendrein auch der gr\u00f6\u00dfte ostfriesische Dialekt ist. Dieses W\u00f6rterbuch hat aktuell ungef\u00e4hr [&hellip;]<\/p>\n","protected":false},"author":2,"featured_media":0,"parent":298,"menu_order":0,"comment_status":"closed","ping_status":"closed","template":"","meta":{"footnotes":""},"class_list":["post-529","page","type-page","status-publish","hentry"],"translation":{"provider":"WPGlobus","version":"3.0.2","language":"de","enabled_languages":["fs","de","en"],"languages":{"fs":{"title":true,"content":true,"excerpt":false},"de":{"title":true,"content":true,"excerpt":false},"en":{"title":true,"content":true,"excerpt":false}}},"yoast_head":"<!-- This site is optimized with the Yoast SEO plugin v27.1 - https:\/\/yoast.com\/product\/yoast-seo-wordpress\/ -->\n<title>oostfraeisk.org - Jungfr\u00e4iske M\u00e4inskup<\/title>\n<meta name=\"robots\" content=\"index, follow, max-snippet:-1, max-image-preview:large, max-video-preview:-1\" \/>\n<link rel=\"canonical\" href=\"https:\/\/www.jungfraeiske-maeinskup.frl\/output__trashed\/oostfraeisk-org\/\" \/>\n<meta property=\"og:locale\" content=\"de_DE\" \/>\n<meta property=\"og:type\" content=\"article\" \/>\n<meta property=\"og:title\" content=\"oostfraeisk.org - Jungfr\u00e4iske M\u00e4inskup\" \/>\n<meta property=\"og:url\" content=\"https:\/\/www.jungfraeiske-maeinskup.frl\/output__trashed\/oostfraeisk-org\/\" \/>\n<meta property=\"og:site_name\" content=\"Jungfr\u00e4iske M\u00e4inskup\" \/>\n<meta property=\"article:publisher\" content=\"https:\/\/www.facebook.com\/jfmfrl\/\" \/>\n<meta property=\"article:modified_time\" content=\"2025-12-16T10:46:31+00:00\" \/>\n<meta name=\"twitter:card\" content=\"summary_large_image\" \/>\n<meta name=\"twitter:label1\" content=\"Gesch\u00e4tzte Lesezeit\" \/>\n\t<meta name=\"twitter:data1\" content=\"2\u00a0Minuten\" \/>\n<script type=\"application\/ld+json\" class=\"yoast-schema-graph\">{\"@context\":\"https:\/\/schema.org\",\"@graph\":[{\"@type\":\"WebPage\",\"@id\":\"https:\/\/www.jungfraeiske-maeinskup.frl\/output__trashed\/oostfraeisk-org\/\",\"url\":\"https:\/\/www.jungfraeiske-maeinskup.frl\/output__trashed\/oostfraeisk-org\/\",\"name\":\"oostfraeisk.org - Jungfr\u00e4iske M\u00e4inskup\",\"isPartOf\":{\"@id\":\"https:\/\/www.jungfraeiske-maeinskup.frl\/#website\"},\"datePublished\":\"2020-10-20T08:56:36+00:00\",\"dateModified\":\"2025-12-16T10:46:31+00:00\",\"breadcrumb\":{\"@id\":\"https:\/\/www.jungfraeiske-maeinskup.frl\/output__trashed\/oostfraeisk-org\/#breadcrumb\"},\"inLanguage\":\"de\",\"potentialAction\":[{\"@type\":\"ReadAction\",\"target\":[\"https:\/\/www.jungfraeiske-maeinskup.frl\/output__trashed\/oostfraeisk-org\/\"]}]},{\"@type\":\"BreadcrumbList\",\"@id\":\"https:\/\/www.jungfraeiske-maeinskup.frl\/output__trashed\/oostfraeisk-org\/#breadcrumb\",\"itemListElement\":[{\"@type\":\"ListItem\",\"position\":1,\"name\":\"Startseite\",\"item\":\"https:\/\/www.jungfraeiske-maeinskup.frl\/\"},{\"@type\":\"ListItem\",\"position\":2,\"name\":\"Projekte\",\"item\":\"https:\/\/www.jungfraeiske-maeinskup.frl\/output\/\"},{\"@type\":\"ListItem\",\"position\":3,\"name\":\"oostfraeisk.org\"}]},{\"@type\":\"WebSite\",\"@id\":\"https:\/\/www.jungfraeiske-maeinskup.frl\/#website\",\"url\":\"https:\/\/www.jungfraeiske-maeinskup.frl\/\",\"name\":\"Jungfr\u00e4iske M\u00e4inskup\",\"description\":\"M\u00e4inskup f\u00f6\u00f6r t\u00f3\u00f3l un kult\u00fcer\",\"publisher\":{\"@id\":\"https:\/\/www.jungfraeiske-maeinskup.frl\/#organization\"},\"potentialAction\":[{\"@type\":\"SearchAction\",\"target\":{\"@type\":\"EntryPoint\",\"urlTemplate\":\"https:\/\/www.jungfraeiske-maeinskup.frl\/?s={search_term_string}\"},\"query-input\":{\"@type\":\"PropertyValueSpecification\",\"valueRequired\":true,\"valueName\":\"search_term_string\"}}],\"inLanguage\":\"de\"},{\"@type\":\"Organization\",\"@id\":\"https:\/\/www.jungfraeiske-maeinskup.frl\/#organization\",\"name\":\"Jungfr\u00e4iske M\u00e4inskup\",\"url\":\"https:\/\/www.jungfraeiske-maeinskup.frl\/\",\"logo\":{\"@type\":\"ImageObject\",\"inLanguage\":\"de\",\"@id\":\"https:\/\/www.jungfraeiske-maeinskup.frl\/#\/schema\/logo\/image\/\",\"url\":\"https:\/\/www.jungfraeiske-maeinskup.frl\/wp-content\/uploads\/2020\/09\/logo_mit_hg.jpg\",\"contentUrl\":\"https:\/\/www.jungfraeiske-maeinskup.frl\/wp-content\/uploads\/2020\/09\/logo_mit_hg.jpg\",\"width\":1800,\"height\":1800,\"caption\":\"Jungfr\u00e4iske M\u00e4inskup\"},\"image\":{\"@id\":\"https:\/\/www.jungfraeiske-maeinskup.frl\/#\/schema\/logo\/image\/\"},\"sameAs\":[\"https:\/\/www.facebook.com\/jfmfrl\/\"]}]}<\/script>\n<!-- \/ Yoast SEO plugin. -->","yoast_head_json":{"title":"oostfraeisk.org - Jungfr\u00e4iske M\u00e4inskup","robots":{"index":"index","follow":"follow","max-snippet":"max-snippet:-1","max-image-preview":"max-image-preview:large","max-video-preview":"max-video-preview:-1"},"canonical":"https:\/\/www.jungfraeiske-maeinskup.frl\/output__trashed\/oostfraeisk-org\/","og_locale":"de_DE","og_type":"article","og_title":"oostfraeisk.org - Jungfr\u00e4iske M\u00e4inskup","og_url":"https:\/\/www.jungfraeiske-maeinskup.frl\/output__trashed\/oostfraeisk-org\/","og_site_name":"Jungfr\u00e4iske M\u00e4inskup","article_publisher":"https:\/\/www.facebook.com\/jfmfrl\/","article_modified_time":"2025-12-16T10:46:31+00:00","twitter_card":"summary_large_image","twitter_misc":{"Gesch\u00e4tzte Lesezeit":"2\u00a0Minuten"},"schema":{"@context":"https:\/\/schema.org","@graph":[{"@type":"WebPage","@id":"https:\/\/www.jungfraeiske-maeinskup.frl\/output__trashed\/oostfraeisk-org\/","url":"https:\/\/www.jungfraeiske-maeinskup.frl\/output__trashed\/oostfraeisk-org\/","name":"oostfraeisk.org - Jungfr\u00e4iske M\u00e4inskup","isPartOf":{"@id":"https:\/\/www.jungfraeiske-maeinskup.frl\/#website"},"datePublished":"2020-10-20T08:56:36+00:00","dateModified":"2025-12-16T10:46:31+00:00","breadcrumb":{"@id":"https:\/\/www.jungfraeiske-maeinskup.frl\/output__trashed\/oostfraeisk-org\/#breadcrumb"},"inLanguage":"de","potentialAction":[{"@type":"ReadAction","target":["https:\/\/www.jungfraeiske-maeinskup.frl\/output__trashed\/oostfraeisk-org\/"]}]},{"@type":"BreadcrumbList","@id":"https:\/\/www.jungfraeiske-maeinskup.frl\/output__trashed\/oostfraeisk-org\/#breadcrumb","itemListElement":[{"@type":"ListItem","position":1,"name":"Startseite","item":"https:\/\/www.jungfraeiske-maeinskup.frl\/"},{"@type":"ListItem","position":2,"name":"Projekte","item":"https:\/\/www.jungfraeiske-maeinskup.frl\/output\/"},{"@type":"ListItem","position":3,"name":"oostfraeisk.org"}]},{"@type":"WebSite","@id":"https:\/\/www.jungfraeiske-maeinskup.frl\/#website","url":"https:\/\/www.jungfraeiske-maeinskup.frl\/","name":"Jungfr\u00e4iske M\u00e4inskup","description":"M\u00e4inskup f\u00f6\u00f6r t\u00f3\u00f3l un kult\u00fcer","publisher":{"@id":"https:\/\/www.jungfraeiske-maeinskup.frl\/#organization"},"potentialAction":[{"@type":"SearchAction","target":{"@type":"EntryPoint","urlTemplate":"https:\/\/www.jungfraeiske-maeinskup.frl\/?s={search_term_string}"},"query-input":{"@type":"PropertyValueSpecification","valueRequired":true,"valueName":"search_term_string"}}],"inLanguage":"de"},{"@type":"Organization","@id":"https:\/\/www.jungfraeiske-maeinskup.frl\/#organization","name":"Jungfr\u00e4iske M\u00e4inskup","url":"https:\/\/www.jungfraeiske-maeinskup.frl\/","logo":{"@type":"ImageObject","inLanguage":"de","@id":"https:\/\/www.jungfraeiske-maeinskup.frl\/#\/schema\/logo\/image\/","url":"https:\/\/www.jungfraeiske-maeinskup.frl\/wp-content\/uploads\/2020\/09\/logo_mit_hg.jpg","contentUrl":"https:\/\/www.jungfraeiske-maeinskup.frl\/wp-content\/uploads\/2020\/09\/logo_mit_hg.jpg","width":1800,"height":1800,"caption":"Jungfr\u00e4iske M\u00e4inskup"},"image":{"@id":"https:\/\/www.jungfraeiske-maeinskup.frl\/#\/schema\/logo\/image\/"},"sameAs":["https:\/\/www.facebook.com\/jfmfrl\/"]}]}},"_links":{"self":[{"href":"https:\/\/www.jungfraeiske-maeinskup.frl\/de\/wp-json\/wp\/v2\/pages\/529","targetHints":{"allow":["GET"]}}],"collection":[{"href":"https:\/\/www.jungfraeiske-maeinskup.frl\/de\/wp-json\/wp\/v2\/pages"}],"about":[{"href":"https:\/\/www.jungfraeiske-maeinskup.frl\/de\/wp-json\/wp\/v2\/types\/page"}],"author":[{"embeddable":true,"href":"https:\/\/www.jungfraeiske-maeinskup.frl\/de\/wp-json\/wp\/v2\/users\/2"}],"replies":[{"embeddable":true,"href":"https:\/\/www.jungfraeiske-maeinskup.frl\/de\/wp-json\/wp\/v2\/comments?post=529"}],"version-history":[{"count":57,"href":"https:\/\/www.jungfraeiske-maeinskup.frl\/de\/wp-json\/wp\/v2\/pages\/529\/revisions"}],"predecessor-version":[{"id":2681,"href":"https:\/\/www.jungfraeiske-maeinskup.frl\/de\/wp-json\/wp\/v2\/pages\/529\/revisions\/2681"}],"up":[{"embeddable":true,"href":"https:\/\/www.jungfraeiske-maeinskup.frl\/de\/wp-json\/wp\/v2\/pages\/298"}],"wp:attachment":[{"href":"https:\/\/www.jungfraeiske-maeinskup.frl\/de\/wp-json\/wp\/v2\/media?parent=529"}],"curies":[{"name":"wp","href":"https:\/\/api.w.org\/{rel}","templated":true}]}}