{"id":930,"date":"2021-03-03T21:33:50","date_gmt":"2021-03-03T19:33:50","guid":{"rendered":"http:\/\/www.jungfraeiske-maeinskup.frl\/?page_id=930"},"modified":"2025-12-16T12:40:26","modified_gmt":"2025-12-16T10:40:26","slug":"artikkels","status":"publish","type":"page","link":"https:\/\/www.jungfraeiske-maeinskup.frl\/de\/output\/artikkels\/","title":{"rendered":"Artikel"},"content":{"rendered":"\n<p>Auf dieser Seite sind Artikel \u00fcber die ostfriesische Sprache und Identi\u00e4t zu finden, die von unseren Vereinsmitgliedern verfasst wurden.<\/p>\n\n\n\n<div class=\"wp-block-file\"><a id=\"wp-block-file--media-8a64d209-8d52-4621-a13b-530c4993fcf6\" href=\"http:\/\/www.jungfraeiske-maeinskup.frl\/wp-content\/uploads\/2021\/09\/Welche-Sprache-schreibt-die-Ostfriesische-Landschaft-Artikel-der-Jungfraiske-Mainskup.pdf\">Welche Sprache schreibt die Ostfriesische Landschaft (Deutsch)<\/a><a href=\"http:\/\/www.jungfraeiske-maeinskup.frl\/wp-content\/uploads\/2021\/09\/Welche-Sprache-schreibt-die-Ostfriesische-Landschaft-Artikel-der-Jungfraiske-Mainskup.pdf\" class=\"wp-block-file__button wp-element-button\" download aria-describedby=\"wp-block-file--media-8a64d209-8d52-4621-a13b-530c4993fcf6\">Herunterladen<\/a><\/div>\n\n\n\n<div class=\"wp-block-file\"><a id=\"wp-block-file--media-61579593-bca3-4e35-88fc-cc00cb09c92d\" href=\"http:\/\/www.jungfraeiske-maeinskup.frl\/wp-content\/uploads\/2020\/11\/identitait-un-tool-f-an-d-Ostfraisen_ofr.pdf\">Iidentit\u00e4it un t\u00f3\u00f3l fan d&#8216; Oostfr\u00e4isen (Ostfriesisch)<\/a><a href=\"http:\/\/www.jungfraeiske-maeinskup.frl\/wp-content\/uploads\/2020\/11\/identitait-un-tool-f-an-d-Ostfraisen_ofr.pdf\" class=\"wp-block-file__button wp-element-button\" download aria-describedby=\"wp-block-file--media-61579593-bca3-4e35-88fc-cc00cb09c92d\">Herunterladen<\/a><\/div>\n\n\n\n<div class=\"wp-block-file\"><a id=\"wp-block-file--media-93f241c1-7eb2-494a-8c10-0c4751239f7c\" href=\"http:\/\/www.jungfraeiske-maeinskup.frl\/wp-content\/uploads\/2020\/11\/Identitat-und-Sprache-der-Ostfriesen_de.pdf\">Identit\u00e4t und Sprache der Ostfriesen (Deutsch)<\/a><a href=\"http:\/\/www.jungfraeiske-maeinskup.frl\/wp-content\/uploads\/2020\/11\/Identitat-und-Sprache-der-Ostfriesen_de.pdf\" class=\"wp-block-file__button wp-element-button\" download aria-describedby=\"wp-block-file--media-93f241c1-7eb2-494a-8c10-0c4751239f7c\">Herunterladen<\/a><\/div>\n\n\n\n<div class=\"wp-block-file\"><a id=\"wp-block-file--media-09a1fd3b-f570-4b83-8752-77924dd64984\" href=\"http:\/\/www.jungfraeiske-maeinskup.frl\/wp-content\/uploads\/2020\/11\/Identiteit-en-taal-fan-de-East-Friezen_westfr.pdf\">Identiteit en taal fan de East Friezen (Westfriesisch)<\/a><a href=\"http:\/\/www.jungfraeiske-maeinskup.frl\/wp-content\/uploads\/2020\/11\/Identiteit-en-taal-fan-de-East-Friezen_westfr.pdf\" class=\"wp-block-file__button wp-element-button\" download aria-describedby=\"wp-block-file--media-09a1fd3b-f570-4b83-8752-77924dd64984\">Herunterladen<\/a><\/div>\n\n\n\n<div class=\"wp-block-file\"><a id=\"wp-block-file--media-3155e549-f238-404c-85c9-b82f2a8c9473\" href=\"http:\/\/www.jungfraeiske-maeinskup.frl\/wp-content\/uploads\/2020\/11\/Identity-and-language-of-the-East-frisians_en.pdf\">Identity and language of the East frisians (Englisch)<\/a><a href=\"http:\/\/www.jungfraeiske-maeinskup.frl\/wp-content\/uploads\/2020\/11\/Identity-and-language-of-the-East-frisians_en.pdf\" class=\"wp-block-file__button wp-element-button\" download aria-describedby=\"wp-block-file--media-3155e549-f238-404c-85c9-b82f2a8c9473\">Herunterladen<\/a><\/div>\n\n\n\n<div class=\"wp-block-file\"><a id=\"wp-block-file--media-ba70da48-b2b4-47f0-b8e9-7ea5aa59ef3c\" href=\"http:\/\/www.jungfraeiske-maeinskup.frl\/wp-content\/uploads\/2021\/07\/Sprachklassifikation-des-Ostfriesischen-5.4.pdf\">Sprachklassifikation des Ostfriesischen 5.4<\/a><a href=\"http:\/\/www.jungfraeiske-maeinskup.frl\/wp-content\/uploads\/2021\/07\/Sprachklassifikation-des-Ostfriesischen-5.4.pdf\" class=\"wp-block-file__button wp-element-button\" download aria-describedby=\"wp-block-file--media-ba70da48-b2b4-47f0-b8e9-7ea5aa59ef3c\">Herunterladen<\/a><\/div>\n\n\n\n<div class=\"wp-block-file\"><a id=\"wp-block-file--media-a47ff30d-1c19-4e07-b1f8-e21bdfc94d0a\" href=\"https:\/\/www.jungfraeiske-maeinskup.frl\/wp-content\/uploads\/2025\/01\/JFM-manifest-foor-t-ankennen-fan-d-Oostfraisk-Tool.pdf\">Manifest f\u00f6\u00f6r &#8218;t ankennen fan d&#8216; Oostfr\u00e4isk T\u00f3\u00f3l (Oostfr\u00e4isk) <\/a><a href=\"https:\/\/www.jungfraeiske-maeinskup.frl\/wp-content\/uploads\/2025\/01\/JFM-manifest-foor-t-ankennen-fan-d-Oostfraisk-Tool.pdf\" class=\"wp-block-file__button wp-element-button\" download aria-describedby=\"wp-block-file--media-a47ff30d-1c19-4e07-b1f8-e21bdfc94d0a\">Herunterladen<\/a><\/div>\n\n\n\n<div class=\"wp-block-file\"><a id=\"wp-block-file--media-33440319-a996-4c5c-898b-602efcf1b1bd\" href=\"https:\/\/www.jungfraeiske-maeinskup.frl\/wp-content\/uploads\/2025\/01\/JFM-Manifest-fur-die-Anerkennung-der-ostfriesischen-Sprache.pdf\">Mainfest f\u00fcr die Anerkennung der Ostfriesische Sprache (Deutsch)<\/a><a href=\"https:\/\/www.jungfraeiske-maeinskup.frl\/wp-content\/uploads\/2025\/01\/JFM-Manifest-fur-die-Anerkennung-der-ostfriesischen-Sprache.pdf\" class=\"wp-block-file__button wp-element-button\" download aria-describedby=\"wp-block-file--media-33440319-a996-4c5c-898b-602efcf1b1bd\">Herunterladen<\/a><\/div>\n","protected":false},"excerpt":{"rendered":"<p>Auf dieser Seite sind Artikel \u00fcber die ostfriesische Sprache und Identi\u00e4t zu finden, die von unseren Vereinsmitgliedern verfasst wurden.<\/p>\n","protected":false},"author":3,"featured_media":0,"parent":298,"menu_order":0,"comment_status":"closed","ping_status":"closed","template":"","meta":{"footnotes":""},"class_list":["post-930","page","type-page","status-publish","hentry"],"translation":{"provider":"WPGlobus","version":"3.0.2","language":"de","enabled_languages":["fs","de","en"],"languages":{"fs":{"title":true,"content":true,"excerpt":false},"de":{"title":true,"content":true,"excerpt":false},"en":{"title":true,"content":true,"excerpt":false}}},"yoast_head":"<!-- This site is optimized with the Yoast SEO plugin v27.1 - https:\/\/yoast.com\/product\/yoast-seo-wordpress\/ -->\n<title>Artikel - Jungfr\u00e4iske M\u00e4inskup<\/title>\n<meta name=\"robots\" content=\"index, follow, max-snippet:-1, max-image-preview:large, max-video-preview:-1\" \/>\n<link rel=\"canonical\" href=\"https:\/\/www.jungfraeiske-maeinskup.frl\/output__trashed\/artikkels\/\" \/>\n<meta property=\"og:locale\" content=\"de_DE\" \/>\n<meta property=\"og:type\" content=\"article\" \/>\n<meta property=\"og:title\" content=\"Artikel - Jungfr\u00e4iske M\u00e4inskup\" \/>\n<meta property=\"og:url\" content=\"https:\/\/www.jungfraeiske-maeinskup.frl\/output__trashed\/artikkels\/\" \/>\n<meta property=\"og:site_name\" content=\"Jungfr\u00e4iske M\u00e4inskup\" \/>\n<meta property=\"article:publisher\" content=\"https:\/\/www.facebook.com\/jfmfrl\/\" \/>\n<meta property=\"article:modified_time\" content=\"2025-12-16T10:40:26+00:00\" \/>\n<meta name=\"twitter:card\" content=\"summary_large_image\" \/>\n<meta name=\"twitter:label1\" content=\"Gesch\u00e4tzte Lesezeit\" \/>\n\t<meta name=\"twitter:data1\" content=\"1\u00a0Minute\" \/>\n<script type=\"application\/ld+json\" class=\"yoast-schema-graph\">{\"@context\":\"https:\/\/schema.org\",\"@graph\":[{\"@type\":\"WebPage\",\"@id\":\"https:\/\/www.jungfraeiske-maeinskup.frl\/output__trashed\/artikkels\/\",\"url\":\"https:\/\/www.jungfraeiske-maeinskup.frl\/output__trashed\/artikkels\/\",\"name\":\"Artikel - Jungfr\u00e4iske M\u00e4inskup\",\"isPartOf\":{\"@id\":\"https:\/\/www.jungfraeiske-maeinskup.frl\/#website\"},\"datePublished\":\"2021-03-03T19:33:50+00:00\",\"dateModified\":\"2025-12-16T10:40:26+00:00\",\"breadcrumb\":{\"@id\":\"https:\/\/www.jungfraeiske-maeinskup.frl\/output__trashed\/artikkels\/#breadcrumb\"},\"inLanguage\":\"de\",\"potentialAction\":[{\"@type\":\"ReadAction\",\"target\":[\"https:\/\/www.jungfraeiske-maeinskup.frl\/output__trashed\/artikkels\/\"]}]},{\"@type\":\"BreadcrumbList\",\"@id\":\"https:\/\/www.jungfraeiske-maeinskup.frl\/output__trashed\/artikkels\/#breadcrumb\",\"itemListElement\":[{\"@type\":\"ListItem\",\"position\":1,\"name\":\"Startseite\",\"item\":\"https:\/\/www.jungfraeiske-maeinskup.frl\/\"},{\"@type\":\"ListItem\",\"position\":2,\"name\":\"Projekte\",\"item\":\"https:\/\/www.jungfraeiske-maeinskup.frl\/output\/\"},{\"@type\":\"ListItem\",\"position\":3,\"name\":\"Archiv\"}]},{\"@type\":\"WebSite\",\"@id\":\"https:\/\/www.jungfraeiske-maeinskup.frl\/#website\",\"url\":\"https:\/\/www.jungfraeiske-maeinskup.frl\/\",\"name\":\"Jungfr\u00e4iske M\u00e4inskup\",\"description\":\"M\u00e4inskup f\u00f6\u00f6r t\u00f3\u00f3l un kult\u00fcer\",\"publisher\":{\"@id\":\"https:\/\/www.jungfraeiske-maeinskup.frl\/#organization\"},\"potentialAction\":[{\"@type\":\"SearchAction\",\"target\":{\"@type\":\"EntryPoint\",\"urlTemplate\":\"https:\/\/www.jungfraeiske-maeinskup.frl\/?s={search_term_string}\"},\"query-input\":{\"@type\":\"PropertyValueSpecification\",\"valueRequired\":true,\"valueName\":\"search_term_string\"}}],\"inLanguage\":\"de\"},{\"@type\":\"Organization\",\"@id\":\"https:\/\/www.jungfraeiske-maeinskup.frl\/#organization\",\"name\":\"Jungfr\u00e4iske M\u00e4inskup\",\"url\":\"https:\/\/www.jungfraeiske-maeinskup.frl\/\",\"logo\":{\"@type\":\"ImageObject\",\"inLanguage\":\"de\",\"@id\":\"https:\/\/www.jungfraeiske-maeinskup.frl\/#\/schema\/logo\/image\/\",\"url\":\"https:\/\/www.jungfraeiske-maeinskup.frl\/wp-content\/uploads\/2020\/09\/logo_mit_hg.jpg\",\"contentUrl\":\"https:\/\/www.jungfraeiske-maeinskup.frl\/wp-content\/uploads\/2020\/09\/logo_mit_hg.jpg\",\"width\":1800,\"height\":1800,\"caption\":\"Jungfr\u00e4iske M\u00e4inskup\"},\"image\":{\"@id\":\"https:\/\/www.jungfraeiske-maeinskup.frl\/#\/schema\/logo\/image\/\"},\"sameAs\":[\"https:\/\/www.facebook.com\/jfmfrl\/\"]}]}<\/script>\n<!-- \/ Yoast SEO plugin. -->","yoast_head_json":{"title":"Artikel - Jungfr\u00e4iske M\u00e4inskup","robots":{"index":"index","follow":"follow","max-snippet":"max-snippet:-1","max-image-preview":"max-image-preview:large","max-video-preview":"max-video-preview:-1"},"canonical":"https:\/\/www.jungfraeiske-maeinskup.frl\/output__trashed\/artikkels\/","og_locale":"de_DE","og_type":"article","og_title":"Artikel - Jungfr\u00e4iske M\u00e4inskup","og_url":"https:\/\/www.jungfraeiske-maeinskup.frl\/output__trashed\/artikkels\/","og_site_name":"Jungfr\u00e4iske M\u00e4inskup","article_publisher":"https:\/\/www.facebook.com\/jfmfrl\/","article_modified_time":"2025-12-16T10:40:26+00:00","twitter_card":"summary_large_image","twitter_misc":{"Gesch\u00e4tzte Lesezeit":"1\u00a0Minute"},"schema":{"@context":"https:\/\/schema.org","@graph":[{"@type":"WebPage","@id":"https:\/\/www.jungfraeiske-maeinskup.frl\/output__trashed\/artikkels\/","url":"https:\/\/www.jungfraeiske-maeinskup.frl\/output__trashed\/artikkels\/","name":"Artikel - Jungfr\u00e4iske M\u00e4inskup","isPartOf":{"@id":"https:\/\/www.jungfraeiske-maeinskup.frl\/#website"},"datePublished":"2021-03-03T19:33:50+00:00","dateModified":"2025-12-16T10:40:26+00:00","breadcrumb":{"@id":"https:\/\/www.jungfraeiske-maeinskup.frl\/output__trashed\/artikkels\/#breadcrumb"},"inLanguage":"de","potentialAction":[{"@type":"ReadAction","target":["https:\/\/www.jungfraeiske-maeinskup.frl\/output__trashed\/artikkels\/"]}]},{"@type":"BreadcrumbList","@id":"https:\/\/www.jungfraeiske-maeinskup.frl\/output__trashed\/artikkels\/#breadcrumb","itemListElement":[{"@type":"ListItem","position":1,"name":"Startseite","item":"https:\/\/www.jungfraeiske-maeinskup.frl\/"},{"@type":"ListItem","position":2,"name":"Projekte","item":"https:\/\/www.jungfraeiske-maeinskup.frl\/output\/"},{"@type":"ListItem","position":3,"name":"Archiv"}]},{"@type":"WebSite","@id":"https:\/\/www.jungfraeiske-maeinskup.frl\/#website","url":"https:\/\/www.jungfraeiske-maeinskup.frl\/","name":"Jungfr\u00e4iske M\u00e4inskup","description":"M\u00e4inskup f\u00f6\u00f6r t\u00f3\u00f3l un kult\u00fcer","publisher":{"@id":"https:\/\/www.jungfraeiske-maeinskup.frl\/#organization"},"potentialAction":[{"@type":"SearchAction","target":{"@type":"EntryPoint","urlTemplate":"https:\/\/www.jungfraeiske-maeinskup.frl\/?s={search_term_string}"},"query-input":{"@type":"PropertyValueSpecification","valueRequired":true,"valueName":"search_term_string"}}],"inLanguage":"de"},{"@type":"Organization","@id":"https:\/\/www.jungfraeiske-maeinskup.frl\/#organization","name":"Jungfr\u00e4iske M\u00e4inskup","url":"https:\/\/www.jungfraeiske-maeinskup.frl\/","logo":{"@type":"ImageObject","inLanguage":"de","@id":"https:\/\/www.jungfraeiske-maeinskup.frl\/#\/schema\/logo\/image\/","url":"https:\/\/www.jungfraeiske-maeinskup.frl\/wp-content\/uploads\/2020\/09\/logo_mit_hg.jpg","contentUrl":"https:\/\/www.jungfraeiske-maeinskup.frl\/wp-content\/uploads\/2020\/09\/logo_mit_hg.jpg","width":1800,"height":1800,"caption":"Jungfr\u00e4iske M\u00e4inskup"},"image":{"@id":"https:\/\/www.jungfraeiske-maeinskup.frl\/#\/schema\/logo\/image\/"},"sameAs":["https:\/\/www.facebook.com\/jfmfrl\/"]}]}},"_links":{"self":[{"href":"https:\/\/www.jungfraeiske-maeinskup.frl\/de\/wp-json\/wp\/v2\/pages\/930","targetHints":{"allow":["GET"]}}],"collection":[{"href":"https:\/\/www.jungfraeiske-maeinskup.frl\/de\/wp-json\/wp\/v2\/pages"}],"about":[{"href":"https:\/\/www.jungfraeiske-maeinskup.frl\/de\/wp-json\/wp\/v2\/types\/page"}],"author":[{"embeddable":true,"href":"https:\/\/www.jungfraeiske-maeinskup.frl\/de\/wp-json\/wp\/v2\/users\/3"}],"replies":[{"embeddable":true,"href":"https:\/\/www.jungfraeiske-maeinskup.frl\/de\/wp-json\/wp\/v2\/comments?post=930"}],"version-history":[{"count":57,"href":"https:\/\/www.jungfraeiske-maeinskup.frl\/de\/wp-json\/wp\/v2\/pages\/930\/revisions"}],"predecessor-version":[{"id":2677,"href":"https:\/\/www.jungfraeiske-maeinskup.frl\/de\/wp-json\/wp\/v2\/pages\/930\/revisions\/2677"}],"up":[{"embeddable":true,"href":"https:\/\/www.jungfraeiske-maeinskup.frl\/de\/wp-json\/wp\/v2\/pages\/298"}],"wp:attachment":[{"href":"https:\/\/www.jungfraeiske-maeinskup.frl\/de\/wp-json\/wp\/v2\/media?parent=930"}],"curies":[{"name":"wp","href":"https:\/\/api.w.org\/{rel}","templated":true}]}}