{"id":1767,"date":"2024-01-29T21:05:12","date_gmt":"2024-01-29T19:05:12","guid":{"rendered":"https:\/\/www.jungfraeiske-maeinskup.frl\/?page_id=1767"},"modified":"2025-12-16T12:20:57","modified_gmt":"2025-12-16T10:20:57","slug":"dai-fraisk-staem","status":"publish","type":"page","link":"https:\/\/www.jungfraeiske-maeinskup.frl\/en\/output\/dai-fraisk-staem\/","title":{"rendered":"D\u00e4i Fr\u00e4isk St\u00e4em"},"content":{"rendered":"\n<div class=\"wp-block-group is-content-justification-center is-nowrap is-layout-flex wp-container-core-group-is-layout-94bc23d7 wp-block-group-is-layout-flex\">\n<p class=\"has-medium-font-size\">Since 2023, the Jungfr\u00e4iske M\u00e4inskup has been publishing the magazine &#8220;D\u00e4i Fr\u00e4isk St\u00e4em&#8221; (Sater Frisian: &#8220;Ju Fr\u00e4iske Stamm&#8221;), as a magazine for the Frisian movement in East Frisia. The aim of the magazine is to promote the emancipation of East Frisian and Sater Frisian. The magazine&#8217;s topics are as diverse as our members: you can find everything from linguistics and historical articles to poems and stories.<\/p>\n\n\n\n<figure class=\"wp-block-image size-full\"><img loading=\"lazy\" decoding=\"async\" width=\"1809\" height=\"2560\" src=\"https:\/\/www.jungfraeiske-maeinskup.frl\/wp-content\/uploads\/2024\/07\/dai-fraisk-staem-01-2023-scaled.jpg\" alt=\"\" class=\"wp-image-2457\" srcset=\"https:\/\/www.jungfraeiske-maeinskup.frl\/wp-content\/uploads\/2024\/07\/dai-fraisk-staem-01-2023-scaled.jpg 1809w, https:\/\/www.jungfraeiske-maeinskup.frl\/wp-content\/uploads\/2024\/07\/dai-fraisk-staem-01-2023-212x300.jpg 212w, https:\/\/www.jungfraeiske-maeinskup.frl\/wp-content\/uploads\/2024\/07\/dai-fraisk-staem-01-2023-724x1024.jpg 724w, https:\/\/www.jungfraeiske-maeinskup.frl\/wp-content\/uploads\/2024\/07\/dai-fraisk-staem-01-2023-768x1087.jpg 768w, https:\/\/www.jungfraeiske-maeinskup.frl\/wp-content\/uploads\/2024\/07\/dai-fraisk-staem-01-2023-1085x1536.jpg 1085w, https:\/\/www.jungfraeiske-maeinskup.frl\/wp-content\/uploads\/2024\/07\/dai-fraisk-staem-01-2023-1447x2048.jpg 1447w\" sizes=\"auto, (max-width: 1809px) 100vw, 1809px\" \/><\/figure>\n<\/div>\n\n\n\n<p class=\"has-medium-font-size\">Archive:<\/p>\n\n\n\n<p class=\"has-medium-font-size\"><a href=\"https:\/\/www.jungfraeiske-maeinskup.frl\/wp-content\/uploads\/2024\/07\/dai-fraisk-staem-01-2023.pdf\">Fr\u00e4isk St\u00e4em 01-2023<\/a><\/p>\n","protected":false},"excerpt":{"rendered":"<p>Since 2023, the Jungfr\u00e4iske M\u00e4inskup has been publishing the magazine &#8220;D\u00e4i Fr\u00e4isk St\u00e4em&#8221; (Sater Frisian: &#8220;Ju Fr\u00e4iske Stamm&#8221;), as a magazine for the Frisian movement in East Frisia. The aim of the magazine is to promote the emancipation of East Frisian and Sater Frisian. The magazine&#8217;s topics are as diverse as our members: you can [&hellip;]<\/p>\n","protected":false},"author":2,"featured_media":0,"parent":298,"menu_order":0,"comment_status":"closed","ping_status":"closed","template":"","meta":{"footnotes":""},"class_list":["post-1767","page","type-page","status-publish","hentry"],"translation":{"provider":"WPGlobus","version":"3.0.2","language":"en","enabled_languages":["fs","de","en"],"languages":{"fs":{"title":true,"content":true,"excerpt":false},"de":{"title":true,"content":true,"excerpt":false},"en":{"title":true,"content":true,"excerpt":false}}},"yoast_head":"<!-- This site is optimized with the Yoast SEO plugin v27.1 - https:\/\/yoast.com\/product\/yoast-seo-wordpress\/ -->\n<title>D\u00e4i Fr\u00e4isk St\u00e4em - Jungfr\u00e4iske M\u00e4inskup<\/title>\n<meta name=\"robots\" content=\"index, follow, max-snippet:-1, max-image-preview:large, max-video-preview:-1\" \/>\n<link rel=\"canonical\" href=\"https:\/\/www.jungfraeiske-maeinskup.frl\/output__trashed\/dai-fraisk-staem\/\" \/>\n<meta property=\"og:locale\" content=\"en_US\" \/>\n<meta property=\"og:type\" content=\"article\" \/>\n<meta property=\"og:title\" content=\"D\u00e4i Fr\u00e4isk St\u00e4em - Jungfr\u00e4iske M\u00e4inskup\" \/>\n<meta property=\"og:url\" content=\"https:\/\/www.jungfraeiske-maeinskup.frl\/output__trashed\/dai-fraisk-staem\/\" \/>\n<meta property=\"og:site_name\" content=\"Jungfr\u00e4iske M\u00e4inskup\" \/>\n<meta property=\"article:publisher\" content=\"https:\/\/www.facebook.com\/jfmfrl\/\" \/>\n<meta property=\"article:modified_time\" content=\"2025-12-16T10:20:57+00:00\" \/>\n<meta property=\"og:image\" content=\"https:\/\/www.jungfraeiske-maeinskup.frl\/wp-content\/uploads\/2024\/01\/WhatsApp-Image-2023-11-23-at-21.22.13-768x1024.jpeg\" \/>\n<meta name=\"twitter:card\" content=\"summary_large_image\" \/>\n<meta name=\"twitter:label1\" content=\"Est. reading time\" \/>\n\t<meta name=\"twitter:data1\" content=\"1 minute\" \/>\n<script type=\"application\/ld+json\" class=\"yoast-schema-graph\">{\"@context\":\"https:\/\/schema.org\",\"@graph\":[{\"@type\":\"WebPage\",\"@id\":\"https:\/\/www.jungfraeiske-maeinskup.frl\/output__trashed\/dai-fraisk-staem\/\",\"url\":\"https:\/\/www.jungfraeiske-maeinskup.frl\/output__trashed\/dai-fraisk-staem\/\",\"name\":\"D\u00e4i Fr\u00e4isk St\u00e4em - Jungfr\u00e4iske M\u00e4inskup\",\"isPartOf\":{\"@id\":\"https:\/\/www.jungfraeiske-maeinskup.frl\/#website\"},\"primaryImageOfPage\":{\"@id\":\"https:\/\/www.jungfraeiske-maeinskup.frl\/output__trashed\/dai-fraisk-staem\/#primaryimage\"},\"image\":{\"@id\":\"https:\/\/www.jungfraeiske-maeinskup.frl\/output__trashed\/dai-fraisk-staem\/#primaryimage\"},\"thumbnailUrl\":\"https:\/\/www.jungfraeiske-maeinskup.frl\/wp-content\/uploads\/2024\/07\/dai-fraisk-staem-01-2023-scaled.jpg\",\"datePublished\":\"2024-01-29T19:05:12+00:00\",\"dateModified\":\"2025-12-16T10:20:57+00:00\",\"breadcrumb\":{\"@id\":\"https:\/\/www.jungfraeiske-maeinskup.frl\/output__trashed\/dai-fraisk-staem\/#breadcrumb\"},\"inLanguage\":\"en-US\",\"potentialAction\":[{\"@type\":\"ReadAction\",\"target\":[\"https:\/\/www.jungfraeiske-maeinskup.frl\/output__trashed\/dai-fraisk-staem\/\"]}]},{\"@type\":\"ImageObject\",\"inLanguage\":\"en-US\",\"@id\":\"https:\/\/www.jungfraeiske-maeinskup.frl\/output__trashed\/dai-fraisk-staem\/#primaryimage\",\"url\":\"https:\/\/www.jungfraeiske-maeinskup.frl\/wp-content\/uploads\/2024\/07\/dai-fraisk-staem-01-2023-scaled.jpg\",\"contentUrl\":\"https:\/\/www.jungfraeiske-maeinskup.frl\/wp-content\/uploads\/2024\/07\/dai-fraisk-staem-01-2023-scaled.jpg\"},{\"@type\":\"BreadcrumbList\",\"@id\":\"https:\/\/www.jungfraeiske-maeinskup.frl\/output__trashed\/dai-fraisk-staem\/#breadcrumb\",\"itemListElement\":[{\"@type\":\"ListItem\",\"position\":1,\"name\":\"Startseite\",\"item\":\"https:\/\/www.jungfraeiske-maeinskup.frl\/\"},{\"@type\":\"ListItem\",\"position\":2,\"name\":\"Projekte\",\"item\":\"https:\/\/www.jungfraeiske-maeinskup.frl\/output\/\"},{\"@type\":\"ListItem\",\"position\":3,\"name\":\"D\u00e4i Fr\u00e4isk St\u00e4em\"}]},{\"@type\":\"WebSite\",\"@id\":\"https:\/\/www.jungfraeiske-maeinskup.frl\/#website\",\"url\":\"https:\/\/www.jungfraeiske-maeinskup.frl\/\",\"name\":\"Jungfr\u00e4iske M\u00e4inskup\",\"description\":\"M\u00e4inskup f\u00f6\u00f6r t\u00f3\u00f3l un kult\u00fcer\",\"publisher\":{\"@id\":\"https:\/\/www.jungfraeiske-maeinskup.frl\/#organization\"},\"potentialAction\":[{\"@type\":\"SearchAction\",\"target\":{\"@type\":\"EntryPoint\",\"urlTemplate\":\"https:\/\/www.jungfraeiske-maeinskup.frl\/?s={search_term_string}\"},\"query-input\":{\"@type\":\"PropertyValueSpecification\",\"valueRequired\":true,\"valueName\":\"search_term_string\"}}],\"inLanguage\":\"en-US\"},{\"@type\":\"Organization\",\"@id\":\"https:\/\/www.jungfraeiske-maeinskup.frl\/#organization\",\"name\":\"Jungfr\u00e4iske M\u00e4inskup\",\"url\":\"https:\/\/www.jungfraeiske-maeinskup.frl\/\",\"logo\":{\"@type\":\"ImageObject\",\"inLanguage\":\"en-US\",\"@id\":\"https:\/\/www.jungfraeiske-maeinskup.frl\/#\/schema\/logo\/image\/\",\"url\":\"https:\/\/www.jungfraeiske-maeinskup.frl\/wp-content\/uploads\/2020\/09\/logo_mit_hg.jpg\",\"contentUrl\":\"https:\/\/www.jungfraeiske-maeinskup.frl\/wp-content\/uploads\/2020\/09\/logo_mit_hg.jpg\",\"width\":1800,\"height\":1800,\"caption\":\"Jungfr\u00e4iske M\u00e4inskup\"},\"image\":{\"@id\":\"https:\/\/www.jungfraeiske-maeinskup.frl\/#\/schema\/logo\/image\/\"},\"sameAs\":[\"https:\/\/www.facebook.com\/jfmfrl\/\"]}]}<\/script>\n<!-- \/ Yoast SEO plugin. -->","yoast_head_json":{"title":"D\u00e4i Fr\u00e4isk St\u00e4em - Jungfr\u00e4iske M\u00e4inskup","robots":{"index":"index","follow":"follow","max-snippet":"max-snippet:-1","max-image-preview":"max-image-preview:large","max-video-preview":"max-video-preview:-1"},"canonical":"https:\/\/www.jungfraeiske-maeinskup.frl\/output__trashed\/dai-fraisk-staem\/","og_locale":"en_US","og_type":"article","og_title":"D\u00e4i Fr\u00e4isk St\u00e4em - Jungfr\u00e4iske M\u00e4inskup","og_url":"https:\/\/www.jungfraeiske-maeinskup.frl\/output__trashed\/dai-fraisk-staem\/","og_site_name":"Jungfr\u00e4iske M\u00e4inskup","article_publisher":"https:\/\/www.facebook.com\/jfmfrl\/","article_modified_time":"2025-12-16T10:20:57+00:00","og_image":[{"url":"https:\/\/www.jungfraeiske-maeinskup.frl\/wp-content\/uploads\/2024\/01\/WhatsApp-Image-2023-11-23-at-21.22.13-768x1024.jpeg","type":"","width":"","height":""}],"twitter_card":"summary_large_image","twitter_misc":{"Est. reading time":"1 minute"},"schema":{"@context":"https:\/\/schema.org","@graph":[{"@type":"WebPage","@id":"https:\/\/www.jungfraeiske-maeinskup.frl\/output__trashed\/dai-fraisk-staem\/","url":"https:\/\/www.jungfraeiske-maeinskup.frl\/output__trashed\/dai-fraisk-staem\/","name":"D\u00e4i Fr\u00e4isk St\u00e4em - Jungfr\u00e4iske M\u00e4inskup","isPartOf":{"@id":"https:\/\/www.jungfraeiske-maeinskup.frl\/#website"},"primaryImageOfPage":{"@id":"https:\/\/www.jungfraeiske-maeinskup.frl\/output__trashed\/dai-fraisk-staem\/#primaryimage"},"image":{"@id":"https:\/\/www.jungfraeiske-maeinskup.frl\/output__trashed\/dai-fraisk-staem\/#primaryimage"},"thumbnailUrl":"https:\/\/www.jungfraeiske-maeinskup.frl\/wp-content\/uploads\/2024\/07\/dai-fraisk-staem-01-2023-scaled.jpg","datePublished":"2024-01-29T19:05:12+00:00","dateModified":"2025-12-16T10:20:57+00:00","breadcrumb":{"@id":"https:\/\/www.jungfraeiske-maeinskup.frl\/output__trashed\/dai-fraisk-staem\/#breadcrumb"},"inLanguage":"en-US","potentialAction":[{"@type":"ReadAction","target":["https:\/\/www.jungfraeiske-maeinskup.frl\/output__trashed\/dai-fraisk-staem\/"]}]},{"@type":"ImageObject","inLanguage":"en-US","@id":"https:\/\/www.jungfraeiske-maeinskup.frl\/output__trashed\/dai-fraisk-staem\/#primaryimage","url":"https:\/\/www.jungfraeiske-maeinskup.frl\/wp-content\/uploads\/2024\/07\/dai-fraisk-staem-01-2023-scaled.jpg","contentUrl":"https:\/\/www.jungfraeiske-maeinskup.frl\/wp-content\/uploads\/2024\/07\/dai-fraisk-staem-01-2023-scaled.jpg"},{"@type":"BreadcrumbList","@id":"https:\/\/www.jungfraeiske-maeinskup.frl\/output__trashed\/dai-fraisk-staem\/#breadcrumb","itemListElement":[{"@type":"ListItem","position":1,"name":"Startseite","item":"https:\/\/www.jungfraeiske-maeinskup.frl\/"},{"@type":"ListItem","position":2,"name":"Projekte","item":"https:\/\/www.jungfraeiske-maeinskup.frl\/output\/"},{"@type":"ListItem","position":3,"name":"D\u00e4i Fr\u00e4isk St\u00e4em"}]},{"@type":"WebSite","@id":"https:\/\/www.jungfraeiske-maeinskup.frl\/#website","url":"https:\/\/www.jungfraeiske-maeinskup.frl\/","name":"Jungfr\u00e4iske M\u00e4inskup","description":"M\u00e4inskup f\u00f6\u00f6r t\u00f3\u00f3l un kult\u00fcer","publisher":{"@id":"https:\/\/www.jungfraeiske-maeinskup.frl\/#organization"},"potentialAction":[{"@type":"SearchAction","target":{"@type":"EntryPoint","urlTemplate":"https:\/\/www.jungfraeiske-maeinskup.frl\/?s={search_term_string}"},"query-input":{"@type":"PropertyValueSpecification","valueRequired":true,"valueName":"search_term_string"}}],"inLanguage":"en-US"},{"@type":"Organization","@id":"https:\/\/www.jungfraeiske-maeinskup.frl\/#organization","name":"Jungfr\u00e4iske M\u00e4inskup","url":"https:\/\/www.jungfraeiske-maeinskup.frl\/","logo":{"@type":"ImageObject","inLanguage":"en-US","@id":"https:\/\/www.jungfraeiske-maeinskup.frl\/#\/schema\/logo\/image\/","url":"https:\/\/www.jungfraeiske-maeinskup.frl\/wp-content\/uploads\/2020\/09\/logo_mit_hg.jpg","contentUrl":"https:\/\/www.jungfraeiske-maeinskup.frl\/wp-content\/uploads\/2020\/09\/logo_mit_hg.jpg","width":1800,"height":1800,"caption":"Jungfr\u00e4iske M\u00e4inskup"},"image":{"@id":"https:\/\/www.jungfraeiske-maeinskup.frl\/#\/schema\/logo\/image\/"},"sameAs":["https:\/\/www.facebook.com\/jfmfrl\/"]}]}},"_links":{"self":[{"href":"https:\/\/www.jungfraeiske-maeinskup.frl\/en\/wp-json\/wp\/v2\/pages\/1767","targetHints":{"allow":["GET"]}}],"collection":[{"href":"https:\/\/www.jungfraeiske-maeinskup.frl\/en\/wp-json\/wp\/v2\/pages"}],"about":[{"href":"https:\/\/www.jungfraeiske-maeinskup.frl\/en\/wp-json\/wp\/v2\/types\/page"}],"author":[{"embeddable":true,"href":"https:\/\/www.jungfraeiske-maeinskup.frl\/en\/wp-json\/wp\/v2\/users\/2"}],"replies":[{"embeddable":true,"href":"https:\/\/www.jungfraeiske-maeinskup.frl\/en\/wp-json\/wp\/v2\/comments?post=1767"}],"version-history":[{"count":29,"href":"https:\/\/www.jungfraeiske-maeinskup.frl\/en\/wp-json\/wp\/v2\/pages\/1767\/revisions"}],"predecessor-version":[{"id":2662,"href":"https:\/\/www.jungfraeiske-maeinskup.frl\/en\/wp-json\/wp\/v2\/pages\/1767\/revisions\/2662"}],"up":[{"embeddable":true,"href":"https:\/\/www.jungfraeiske-maeinskup.frl\/en\/wp-json\/wp\/v2\/pages\/298"}],"wp:attachment":[{"href":"https:\/\/www.jungfraeiske-maeinskup.frl\/en\/wp-json\/wp\/v2\/media?parent=1767"}],"curies":[{"name":"wp","href":"https:\/\/api.w.org\/{rel}","templated":true}]}}