{"id":1991,"date":"2024-02-05T20:12:50","date_gmt":"2024-02-05T18:12:50","guid":{"rendered":"https:\/\/www.jungfraeiske-maeinskup.frl\/?page_id=1991"},"modified":"2025-12-16T13:03:36","modified_gmt":"2025-12-16T11:03:36","slug":"ostfraisland-flag-foor-t-maurmerland-3","status":"publish","type":"page","link":"https:\/\/www.jungfraeiske-maeinskup.frl\/en\/output\/aksjes\/ostfraisland-flag-foor-t-maurmerland-3\/","title":{"rendered":"East Frisia flag for Moormerland"},"content":{"rendered":"\n<p class=\"has-medium-font-size\"><em>Are Moormerland politicians learning from this mistake?<\/em><\/p>\n\n\n\n<p class=\"has-medium-font-size\">The East Frisia flag, who doesn&#8217;t know it? The flag, with or without a coat of arms, can be seen in countless gardens. The East Frisian landscape even has a version with its landscape coat of arms, in the center of which the Upstalsboom is depicted. The history of the count&#8217;s coat of arms and the landscape coat of arms goes back to the 17th century. The colors black, red and blue come from the 19th century. The East Frisian flag now belongs to East Frisia like Bo\u00dfeln, the North Sea and the East Frisian language.<\/p>\n\n\n\n<p class=\"has-medium-font-size\">In 1957, the East Frisian tricolor black-red-blue was confirmed by the state government (NLA AU Dep. 1 N No. 3476), so that since then authorities have also been able to fly the East Frisian flag on official occasions. The East Frisian flag is therefore not a club flag, but an official flag.<\/p>\n\n\n\n<p class=\"has-medium-font-size\">In 1998 the federal government ratified the Framework Convention for the Protection of National Minorities. Since then, the Frisians, Danes, Sorbs and Sinti\/Roma have been recognized as national minorities by the federal government. We have no information that Article 5 of the Framework Convention has been taken into account by the Moormerland Cultural Committee. The question should be asked in this regard to what extent the politicians were informed about this. As citizens, we can expect and demand that they know the laws?<\/p>\n\n\n\n<p class=\"has-medium-font-size\"><em>Rahmen\u00fcbereinkommen, Art. 5, Abs. 1: Die Vertragsparteien verpflichten sich, die Bedingungen zu f\u00f6rdern, die es Angeh\u00f6rigen nationaler Minderheiten erm\u00f6glichen, ihre Kultur zu pflegen und weiterzuentwickeln und die wesentlichen Bestandteile ihrer Identit\u00e4t, n\u00e4mlich ihre Religion, ihre Sprache, ihre Traditionen und ihr kulturelles Erbe, zu bewahren.<\/em><\/p>\n\n\n\n<p class=\"has-medium-font-size\">(Framework Convention, Article 5, Paragraph 1: The Contracting Parties undertake to promote the conditions that enable members of national minorities to maintain and develop their culture and to preserve the essential components of their identity, namely their religion, their language, their traditions and to preserve their cultural heritage.)<\/p>\n\n\n\n<figure class=\"wp-block-gallery has-nested-images columns-default is-cropped wp-block-gallery-1 is-layout-flex wp-block-gallery-is-layout-flex\">\n<figure class=\"wp-block-image size-large is-resized\"><img loading=\"lazy\" decoding=\"async\" width=\"768\" height=\"1024\" data-id=\"1314\" src=\"https:\/\/www.jungfraeiske-maeinskup.frl\/wp-content\/uploads\/2022\/07\/ostfraisk-flag-foor-t-Maurmerlandjer-roodhus-768x1024.jpeg\" alt=\"\" class=\"wp-image-1314\" srcset=\"https:\/\/www.jungfraeiske-maeinskup.frl\/wp-content\/uploads\/2022\/07\/ostfraisk-flag-foor-t-Maurmerlandjer-roodhus-768x1024.jpeg 768w, https:\/\/www.jungfraeiske-maeinskup.frl\/wp-content\/uploads\/2022\/07\/ostfraisk-flag-foor-t-Maurmerlandjer-roodhus-225x300.jpeg 225w, https:\/\/www.jungfraeiske-maeinskup.frl\/wp-content\/uploads\/2022\/07\/ostfraisk-flag-foor-t-Maurmerlandjer-roodhus-1152x1536.jpeg 1152w, https:\/\/www.jungfraeiske-maeinskup.frl\/wp-content\/uploads\/2022\/07\/ostfraisk-flag-foor-t-Maurmerlandjer-roodhus.jpeg 1200w\" sizes=\"auto, (max-width: 768px) 100vw, 768px\" \/><figcaption class=\"wp-element-caption\"><em><em><em>Da fliegt sie im Wind! &#8211; Die ostfriesische Flagge vorm Moormerl\u00e4nder Rathaus<\/em><\/em><\/em><\/figcaption><\/figure>\n\n\n\n<figure class=\"wp-block-image size-large\"><img loading=\"lazy\" decoding=\"async\" width=\"1024\" height=\"768\" data-id=\"1320\" src=\"https:\/\/www.jungfraeiske-maeinskup.frl\/wp-content\/uploads\/2022\/07\/ostfraisk-flag-foor-t-Maurmerlandjer-roodhus-2-1024x768.jpeg\" alt=\"\" class=\"wp-image-1320\" srcset=\"https:\/\/www.jungfraeiske-maeinskup.frl\/wp-content\/uploads\/2022\/07\/ostfraisk-flag-foor-t-Maurmerlandjer-roodhus-2-1024x768.jpeg 1024w, https:\/\/www.jungfraeiske-maeinskup.frl\/wp-content\/uploads\/2022\/07\/ostfraisk-flag-foor-t-Maurmerlandjer-roodhus-2-300x225.jpeg 300w, https:\/\/www.jungfraeiske-maeinskup.frl\/wp-content\/uploads\/2022\/07\/ostfraisk-flag-foor-t-Maurmerlandjer-roodhus-2-768x576.jpeg 768w, https:\/\/www.jungfraeiske-maeinskup.frl\/wp-content\/uploads\/2022\/07\/ostfraisk-flag-foor-t-Maurmerlandjer-roodhus-2-1536x1153.jpeg 1536w, https:\/\/www.jungfraeiske-maeinskup.frl\/wp-content\/uploads\/2022\/07\/ostfraisk-flag-foor-t-Maurmerlandjer-roodhus-2.jpeg 1599w\" sizes=\"auto, (max-width: 1024px) 100vw, 1024px\" \/><\/figure>\n\n\n\n<figure class=\"wp-block-image size-large\"><img loading=\"lazy\" decoding=\"async\" width=\"768\" height=\"1024\" data-id=\"1321\" src=\"https:\/\/www.jungfraeiske-maeinskup.frl\/wp-content\/uploads\/2022\/07\/ostfraisk-flag-foor-t-Maurmerlandjer-roodhus-3-768x1024.jpeg\" alt=\"\" class=\"wp-image-1321\" srcset=\"https:\/\/www.jungfraeiske-maeinskup.frl\/wp-content\/uploads\/2022\/07\/ostfraisk-flag-foor-t-Maurmerlandjer-roodhus-3-768x1024.jpeg 768w, https:\/\/www.jungfraeiske-maeinskup.frl\/wp-content\/uploads\/2022\/07\/ostfraisk-flag-foor-t-Maurmerlandjer-roodhus-3-225x300.jpeg 225w, https:\/\/www.jungfraeiske-maeinskup.frl\/wp-content\/uploads\/2022\/07\/ostfraisk-flag-foor-t-Maurmerlandjer-roodhus-3-1152x1536.jpeg 1152w, https:\/\/www.jungfraeiske-maeinskup.frl\/wp-content\/uploads\/2022\/07\/ostfraisk-flag-foor-t-Maurmerlandjer-roodhus-3.jpeg 1200w\" sizes=\"auto, (max-width: 768px) 100vw, 768px\" \/><\/figure>\n<\/figure>\n\n\n\n<p class=\"has-medium-font-size\">Based on its history, official recognition and actual use, the flag can undoubtedly be classified as part of East Frisian identity. To correct this mistake, we hung an East Frisian flag in front of the Moormerland town hall. We can only hope that these benevolent politicians will be encouraged to reflect and learn from this mistake. And the flag? The community can keep this for the next opportunity.<\/p>\n","protected":false},"excerpt":{"rendered":"<p>Are Moormerland politicians learning from this mistake? The East Frisia flag, who doesn&#8217;t know it? The flag, with or without a coat of arms, can be seen in countless gardens. The East Frisian landscape even has a version with its landscape coat of arms, in the center of which the Upstalsboom is depicted. The history [&hellip;]<\/p>\n","protected":false},"author":2,"featured_media":0,"parent":1471,"menu_order":0,"comment_status":"closed","ping_status":"closed","template":"","meta":{"footnotes":""},"class_list":["post-1991","page","type-page","status-publish","hentry"],"translation":{"provider":"WPGlobus","version":"3.0.2","language":"en","enabled_languages":["fs","de","en"],"languages":{"fs":{"title":true,"content":true,"excerpt":false},"de":{"title":true,"content":true,"excerpt":false},"en":{"title":true,"content":true,"excerpt":false}}},"yoast_head":"<!-- This site is optimized with the Yoast SEO plugin v27.1 - https:\/\/yoast.com\/product\/yoast-seo-wordpress\/ -->\n<title>East Frisia flag for Moormerland - Jungfr\u00e4iske M\u00e4inskup<\/title>\n<meta name=\"robots\" content=\"index, follow, max-snippet:-1, max-image-preview:large, max-video-preview:-1\" \/>\n<link rel=\"canonical\" href=\"https:\/\/www.jungfraeiske-maeinskup.frl\/en\/output\/aksjes\/ostfraisland-flag-foor-t-maurmerland-3\/\" \/>\n<meta property=\"og:locale\" content=\"en_US\" \/>\n<meta property=\"og:type\" content=\"article\" \/>\n<meta property=\"og:title\" content=\"East Frisia flag for Moormerland - Jungfr\u00e4iske M\u00e4inskup\" \/>\n<meta property=\"og:url\" content=\"https:\/\/www.jungfraeiske-maeinskup.frl\/en\/output\/aksjes\/ostfraisland-flag-foor-t-maurmerland-3\/\" \/>\n<meta property=\"og:site_name\" content=\"Jungfr\u00e4iske M\u00e4inskup\" \/>\n<meta property=\"article:publisher\" content=\"https:\/\/www.facebook.com\/jfmfrl\/\" \/>\n<meta property=\"article:modified_time\" content=\"2025-12-16T11:03:36+00:00\" \/>\n<meta property=\"og:image\" content=\"https:\/\/www.jungfraeiske-maeinskup.frl\/wp-content\/uploads\/2022\/07\/ostfraisk-flag-foor-t-Maurmerlandjer-roodhus-768x1024.jpeg\" \/>\n<meta name=\"twitter:card\" content=\"summary_large_image\" \/>\n<meta name=\"twitter:label1\" content=\"Est. reading time\" \/>\n\t<meta name=\"twitter:data1\" content=\"3 minutes\" \/>\n<script type=\"application\/ld+json\" class=\"yoast-schema-graph\">{\"@context\":\"https:\/\/schema.org\",\"@graph\":[{\"@type\":\"WebPage\",\"@id\":\"https:\/\/www.jungfraeiske-maeinskup.frl\/en\/output\/aksjes\/ostfraisland-flag-foor-t-maurmerland-3\/\",\"url\":\"https:\/\/www.jungfraeiske-maeinskup.frl\/en\/output\/aksjes\/ostfraisland-flag-foor-t-maurmerland-3\/\",\"name\":\"East Frisia flag for Moormerland - Jungfr\u00e4iske M\u00e4inskup\",\"isPartOf\":{\"@id\":\"https:\/\/www.jungfraeiske-maeinskup.frl\/#website\"},\"primaryImageOfPage\":{\"@id\":\"https:\/\/www.jungfraeiske-maeinskup.frl\/en\/output\/aksjes\/ostfraisland-flag-foor-t-maurmerland-3\/#primaryimage\"},\"image\":{\"@id\":\"https:\/\/www.jungfraeiske-maeinskup.frl\/en\/output\/aksjes\/ostfraisland-flag-foor-t-maurmerland-3\/#primaryimage\"},\"thumbnailUrl\":\"https:\/\/www.jungfraeiske-maeinskup.frl\/wp-content\/uploads\/2022\/07\/ostfraisk-flag-foor-t-Maurmerlandjer-roodhus-768x1024.jpeg\",\"datePublished\":\"2024-02-05T18:12:50+00:00\",\"dateModified\":\"2025-12-16T11:03:36+00:00\",\"breadcrumb\":{\"@id\":\"https:\/\/www.jungfraeiske-maeinskup.frl\/en\/output\/aksjes\/ostfraisland-flag-foor-t-maurmerland-3\/#breadcrumb\"},\"inLanguage\":\"en-US\",\"potentialAction\":[{\"@type\":\"ReadAction\",\"target\":[\"https:\/\/www.jungfraeiske-maeinskup.frl\/en\/output\/aksjes\/ostfraisland-flag-foor-t-maurmerland-3\/\"]}]},{\"@type\":\"ImageObject\",\"inLanguage\":\"en-US\",\"@id\":\"https:\/\/www.jungfraeiske-maeinskup.frl\/en\/output\/aksjes\/ostfraisland-flag-foor-t-maurmerland-3\/#primaryimage\",\"url\":\"https:\/\/www.jungfraeiske-maeinskup.frl\/wp-content\/uploads\/2022\/07\/ostfraisk-flag-foor-t-Maurmerlandjer-roodhus-768x1024.jpeg\",\"contentUrl\":\"https:\/\/www.jungfraeiske-maeinskup.frl\/wp-content\/uploads\/2022\/07\/ostfraisk-flag-foor-t-Maurmerlandjer-roodhus-768x1024.jpeg\"},{\"@type\":\"BreadcrumbList\",\"@id\":\"https:\/\/www.jungfraeiske-maeinskup.frl\/en\/output\/aksjes\/ostfraisland-flag-foor-t-maurmerland-3\/#breadcrumb\",\"itemListElement\":[{\"@type\":\"ListItem\",\"position\":1,\"name\":\"Startseite\",\"item\":\"https:\/\/www.jungfraeiske-maeinskup.frl\/\"},{\"@type\":\"ListItem\",\"position\":2,\"name\":\"Projekte\",\"item\":\"https:\/\/www.jungfraeiske-maeinskup.frl\/output\/\"},{\"@type\":\"ListItem\",\"position\":3,\"name\":\"Aksjes\",\"item\":\"https:\/\/www.jungfraeiske-maeinskup.frl\/output\/aksjes\/\"},{\"@type\":\"ListItem\",\"position\":4,\"name\":\"East Frisia flag for Moormerland\"}]},{\"@type\":\"WebSite\",\"@id\":\"https:\/\/www.jungfraeiske-maeinskup.frl\/#website\",\"url\":\"https:\/\/www.jungfraeiske-maeinskup.frl\/\",\"name\":\"Jungfr\u00e4iske M\u00e4inskup\",\"description\":\"M\u00e4inskup f\u00f6\u00f6r t\u00f3\u00f3l un kult\u00fcer\",\"publisher\":{\"@id\":\"https:\/\/www.jungfraeiske-maeinskup.frl\/#organization\"},\"potentialAction\":[{\"@type\":\"SearchAction\",\"target\":{\"@type\":\"EntryPoint\",\"urlTemplate\":\"https:\/\/www.jungfraeiske-maeinskup.frl\/?s={search_term_string}\"},\"query-input\":{\"@type\":\"PropertyValueSpecification\",\"valueRequired\":true,\"valueName\":\"search_term_string\"}}],\"inLanguage\":\"en-US\"},{\"@type\":\"Organization\",\"@id\":\"https:\/\/www.jungfraeiske-maeinskup.frl\/#organization\",\"name\":\"Jungfr\u00e4iske M\u00e4inskup\",\"url\":\"https:\/\/www.jungfraeiske-maeinskup.frl\/\",\"logo\":{\"@type\":\"ImageObject\",\"inLanguage\":\"en-US\",\"@id\":\"https:\/\/www.jungfraeiske-maeinskup.frl\/#\/schema\/logo\/image\/\",\"url\":\"https:\/\/www.jungfraeiske-maeinskup.frl\/wp-content\/uploads\/2020\/09\/logo_mit_hg.jpg\",\"contentUrl\":\"https:\/\/www.jungfraeiske-maeinskup.frl\/wp-content\/uploads\/2020\/09\/logo_mit_hg.jpg\",\"width\":1800,\"height\":1800,\"caption\":\"Jungfr\u00e4iske M\u00e4inskup\"},\"image\":{\"@id\":\"https:\/\/www.jungfraeiske-maeinskup.frl\/#\/schema\/logo\/image\/\"},\"sameAs\":[\"https:\/\/www.facebook.com\/jfmfrl\/\"]}]}<\/script>\n<!-- \/ Yoast SEO plugin. -->","yoast_head_json":{"title":"East Frisia flag for Moormerland - Jungfr\u00e4iske M\u00e4inskup","robots":{"index":"index","follow":"follow","max-snippet":"max-snippet:-1","max-image-preview":"max-image-preview:large","max-video-preview":"max-video-preview:-1"},"canonical":"https:\/\/www.jungfraeiske-maeinskup.frl\/en\/output\/aksjes\/ostfraisland-flag-foor-t-maurmerland-3\/","og_locale":"en_US","og_type":"article","og_title":"East Frisia flag for Moormerland - Jungfr\u00e4iske M\u00e4inskup","og_url":"https:\/\/www.jungfraeiske-maeinskup.frl\/en\/output\/aksjes\/ostfraisland-flag-foor-t-maurmerland-3\/","og_site_name":"Jungfr\u00e4iske M\u00e4inskup","article_publisher":"https:\/\/www.facebook.com\/jfmfrl\/","article_modified_time":"2025-12-16T11:03:36+00:00","og_image":[{"url":"https:\/\/www.jungfraeiske-maeinskup.frl\/wp-content\/uploads\/2022\/07\/ostfraisk-flag-foor-t-Maurmerlandjer-roodhus-768x1024.jpeg","type":"","width":"","height":""}],"twitter_card":"summary_large_image","twitter_misc":{"Est. reading time":"3 minutes"},"schema":{"@context":"https:\/\/schema.org","@graph":[{"@type":"WebPage","@id":"https:\/\/www.jungfraeiske-maeinskup.frl\/en\/output\/aksjes\/ostfraisland-flag-foor-t-maurmerland-3\/","url":"https:\/\/www.jungfraeiske-maeinskup.frl\/en\/output\/aksjes\/ostfraisland-flag-foor-t-maurmerland-3\/","name":"East Frisia flag for Moormerland - Jungfr\u00e4iske M\u00e4inskup","isPartOf":{"@id":"https:\/\/www.jungfraeiske-maeinskup.frl\/#website"},"primaryImageOfPage":{"@id":"https:\/\/www.jungfraeiske-maeinskup.frl\/en\/output\/aksjes\/ostfraisland-flag-foor-t-maurmerland-3\/#primaryimage"},"image":{"@id":"https:\/\/www.jungfraeiske-maeinskup.frl\/en\/output\/aksjes\/ostfraisland-flag-foor-t-maurmerland-3\/#primaryimage"},"thumbnailUrl":"https:\/\/www.jungfraeiske-maeinskup.frl\/wp-content\/uploads\/2022\/07\/ostfraisk-flag-foor-t-Maurmerlandjer-roodhus-768x1024.jpeg","datePublished":"2024-02-05T18:12:50+00:00","dateModified":"2025-12-16T11:03:36+00:00","breadcrumb":{"@id":"https:\/\/www.jungfraeiske-maeinskup.frl\/en\/output\/aksjes\/ostfraisland-flag-foor-t-maurmerland-3\/#breadcrumb"},"inLanguage":"en-US","potentialAction":[{"@type":"ReadAction","target":["https:\/\/www.jungfraeiske-maeinskup.frl\/en\/output\/aksjes\/ostfraisland-flag-foor-t-maurmerland-3\/"]}]},{"@type":"ImageObject","inLanguage":"en-US","@id":"https:\/\/www.jungfraeiske-maeinskup.frl\/en\/output\/aksjes\/ostfraisland-flag-foor-t-maurmerland-3\/#primaryimage","url":"https:\/\/www.jungfraeiske-maeinskup.frl\/wp-content\/uploads\/2022\/07\/ostfraisk-flag-foor-t-Maurmerlandjer-roodhus-768x1024.jpeg","contentUrl":"https:\/\/www.jungfraeiske-maeinskup.frl\/wp-content\/uploads\/2022\/07\/ostfraisk-flag-foor-t-Maurmerlandjer-roodhus-768x1024.jpeg"},{"@type":"BreadcrumbList","@id":"https:\/\/www.jungfraeiske-maeinskup.frl\/en\/output\/aksjes\/ostfraisland-flag-foor-t-maurmerland-3\/#breadcrumb","itemListElement":[{"@type":"ListItem","position":1,"name":"Startseite","item":"https:\/\/www.jungfraeiske-maeinskup.frl\/"},{"@type":"ListItem","position":2,"name":"Projekte","item":"https:\/\/www.jungfraeiske-maeinskup.frl\/output\/"},{"@type":"ListItem","position":3,"name":"Aksjes","item":"https:\/\/www.jungfraeiske-maeinskup.frl\/output\/aksjes\/"},{"@type":"ListItem","position":4,"name":"East Frisia flag for Moormerland"}]},{"@type":"WebSite","@id":"https:\/\/www.jungfraeiske-maeinskup.frl\/#website","url":"https:\/\/www.jungfraeiske-maeinskup.frl\/","name":"Jungfr\u00e4iske M\u00e4inskup","description":"M\u00e4inskup f\u00f6\u00f6r t\u00f3\u00f3l un kult\u00fcer","publisher":{"@id":"https:\/\/www.jungfraeiske-maeinskup.frl\/#organization"},"potentialAction":[{"@type":"SearchAction","target":{"@type":"EntryPoint","urlTemplate":"https:\/\/www.jungfraeiske-maeinskup.frl\/?s={search_term_string}"},"query-input":{"@type":"PropertyValueSpecification","valueRequired":true,"valueName":"search_term_string"}}],"inLanguage":"en-US"},{"@type":"Organization","@id":"https:\/\/www.jungfraeiske-maeinskup.frl\/#organization","name":"Jungfr\u00e4iske M\u00e4inskup","url":"https:\/\/www.jungfraeiske-maeinskup.frl\/","logo":{"@type":"ImageObject","inLanguage":"en-US","@id":"https:\/\/www.jungfraeiske-maeinskup.frl\/#\/schema\/logo\/image\/","url":"https:\/\/www.jungfraeiske-maeinskup.frl\/wp-content\/uploads\/2020\/09\/logo_mit_hg.jpg","contentUrl":"https:\/\/www.jungfraeiske-maeinskup.frl\/wp-content\/uploads\/2020\/09\/logo_mit_hg.jpg","width":1800,"height":1800,"caption":"Jungfr\u00e4iske M\u00e4inskup"},"image":{"@id":"https:\/\/www.jungfraeiske-maeinskup.frl\/#\/schema\/logo\/image\/"},"sameAs":["https:\/\/www.facebook.com\/jfmfrl\/"]}]}},"_links":{"self":[{"href":"https:\/\/www.jungfraeiske-maeinskup.frl\/en\/wp-json\/wp\/v2\/pages\/1991","targetHints":{"allow":["GET"]}}],"collection":[{"href":"https:\/\/www.jungfraeiske-maeinskup.frl\/en\/wp-json\/wp\/v2\/pages"}],"about":[{"href":"https:\/\/www.jungfraeiske-maeinskup.frl\/en\/wp-json\/wp\/v2\/types\/page"}],"author":[{"embeddable":true,"href":"https:\/\/www.jungfraeiske-maeinskup.frl\/en\/wp-json\/wp\/v2\/users\/2"}],"replies":[{"embeddable":true,"href":"https:\/\/www.jungfraeiske-maeinskup.frl\/en\/wp-json\/wp\/v2\/comments?post=1991"}],"version-history":[{"count":12,"href":"https:\/\/www.jungfraeiske-maeinskup.frl\/en\/wp-json\/wp\/v2\/pages\/1991\/revisions"}],"predecessor-version":[{"id":2683,"href":"https:\/\/www.jungfraeiske-maeinskup.frl\/en\/wp-json\/wp\/v2\/pages\/1991\/revisions\/2683"}],"up":[{"embeddable":true,"href":"https:\/\/www.jungfraeiske-maeinskup.frl\/en\/wp-json\/wp\/v2\/pages\/1471"}],"wp:attachment":[{"href":"https:\/\/www.jungfraeiske-maeinskup.frl\/en\/wp-json\/wp\/v2\/media?parent=1991"}],"curies":[{"name":"wp","href":"https:\/\/api.w.org\/{rel}","templated":true}]}}