{"id":2282,"date":"2024-02-17T13:38:34","date_gmt":"2024-02-17T11:38:34","guid":{"rendered":"https:\/\/www.jungfraeiske-maeinskup.frl\/?page_id=2282"},"modified":"2025-12-16T12:39:22","modified_gmt":"2025-12-16T10:39:22","slug":"leerpad","status":"publish","type":"page","link":"https:\/\/www.jungfraeiske-maeinskup.frl\/en\/leeren\/leerpad\/","title":{"rendered":"East Frisian Learnpath"},"content":{"rendered":"\n<p class=\"has-large-font-size\">Do you want to learn or improve East Frisian Platt?<\/p>\n\n\n\n<p class=\"has-medium-font-size\"><strong>What might the learning path look like for you?<\/strong><\/p>\n\n\n\n<ul class=\"wp-block-list\">\n<li class=\"has-medium-font-size\">Step 1: Take the online <a href=\"https:\/\/oostfraeisk.org\/onlinecourseen\">course (e-learning)<\/a>. Here you can first learn the \u2018basics\u2019.<\/li>\n\n\n\n<li class=\"has-medium-font-size\">Step 2a: If you get a taste for it, you can do <a href=\"https:\/\/oostfraeisk.org\/coursebook\">the self-study<\/a>.<\/li>\n\n\n\n<li class=\"has-medium-font-size\">Step 2b: With self-study you can also take part in frontal teaching at the same time participate. Register with us for new dates.<\/li>\n\n\n\n<li class=\"has-medium-font-size\">Step 3a: Now it&#8217;s time to take part in activities where East Frisian Platt is spoken. So now you are already part of our community.<\/li>\n\n\n\n<li class=\"has-medium-font-size\">Step 3b: If you have already mastered the basics, you can slowly pick up books Read East Frisian. Click here for the East Frisian <a href=\"https:\/\/oostfraeisk.org\/downloads\">e-books<\/a>.<\/li>\n\n\n\n<li class=\"has-medium-font-size\">Step 3c: There is music in East Frisian Platt. <a href=\"https:\/\/www.youtube.com\/@meyer5259\">Meyer<\/a> and <a href=\"https:\/\/www.youtube.com\/results?search_query=hannes+flesner\">Hannes Flesner<\/a> are recommended.<\/li>\n<\/ul>\n\n\n\n<p class=\"has-medium-font-size\">At <a href=\"https:\/\/oostfraeisk.org\">oostfraeisk.org<\/a> you can find the largest online dictionary of East Frisian Platt and a detailed grammar.<\/p>\n\n\n\n<p class=\"has-large-font-size\">Improve East Frisian Platt<\/p>\n\n\n\n<p class=\"has-medium-font-size\">If you would like to improve your East Frisian Platt, please feel free to contact us. In addition to the many resources and East Frisian-language events, we also have an open WhatsApp group where a lot of East Frisian is written.<\/p>\n","protected":false},"excerpt":{"rendered":"<p>Do you want to learn or improve East Frisian Platt? What might the learning path look like for you? At oostfraeisk.org you can find the largest online dictionary of East Frisian Platt and a detailed grammar. Improve East Frisian Platt If you would like to improve your East Frisian Platt, please feel free to contact [&hellip;]<\/p>\n","protected":false},"author":2,"featured_media":0,"parent":2277,"menu_order":0,"comment_status":"closed","ping_status":"closed","template":"","meta":{"footnotes":""},"class_list":["post-2282","page","type-page","status-publish","hentry"],"translation":{"provider":"WPGlobus","version":"3.0.2","language":"en","enabled_languages":["fs","de","en"],"languages":{"fs":{"title":true,"content":true,"excerpt":false},"de":{"title":true,"content":true,"excerpt":false},"en":{"title":true,"content":true,"excerpt":false}}},"yoast_head":"<!-- This site is optimized with the Yoast SEO plugin v27.1 - https:\/\/yoast.com\/product\/yoast-seo-wordpress\/ -->\n<title>East Frisian Learnpath - Jungfr\u00e4iske M\u00e4inskup<\/title>\n<meta name=\"robots\" content=\"index, follow, max-snippet:-1, max-image-preview:large, max-video-preview:-1\" \/>\n<link rel=\"canonical\" href=\"https:\/\/www.jungfraeiske-maeinskup.frl\/en\/leeren\/leerpad\/\" \/>\n<meta property=\"og:locale\" content=\"en_US\" \/>\n<meta property=\"og:type\" content=\"article\" \/>\n<meta property=\"og:title\" content=\"East Frisian Learnpath - Jungfr\u00e4iske M\u00e4inskup\" \/>\n<meta property=\"og:url\" content=\"https:\/\/www.jungfraeiske-maeinskup.frl\/en\/leeren\/leerpad\/\" \/>\n<meta property=\"og:site_name\" content=\"Jungfr\u00e4iske M\u00e4inskup\" \/>\n<meta property=\"article:publisher\" content=\"https:\/\/www.facebook.com\/jfmfrl\/\" \/>\n<meta property=\"article:modified_time\" content=\"2025-12-16T10:39:22+00:00\" \/>\n<meta name=\"twitter:card\" content=\"summary_large_image\" \/>\n<meta name=\"twitter:label1\" content=\"Est. reading time\" \/>\n\t<meta name=\"twitter:data1\" content=\"1 minute\" \/>\n<script type=\"application\/ld+json\" class=\"yoast-schema-graph\">{\"@context\":\"https:\/\/schema.org\",\"@graph\":[{\"@type\":\"WebPage\",\"@id\":\"https:\/\/www.jungfraeiske-maeinskup.frl\/en\/leeren\/leerpad\/\",\"url\":\"https:\/\/www.jungfraeiske-maeinskup.frl\/en\/leeren\/leerpad\/\",\"name\":\"East Frisian Learnpath - Jungfr\u00e4iske M\u00e4inskup\",\"isPartOf\":{\"@id\":\"https:\/\/www.jungfraeiske-maeinskup.frl\/#website\"},\"datePublished\":\"2024-02-17T11:38:34+00:00\",\"dateModified\":\"2025-12-16T10:39:22+00:00\",\"breadcrumb\":{\"@id\":\"https:\/\/www.jungfraeiske-maeinskup.frl\/en\/leeren\/leerpad\/#breadcrumb\"},\"inLanguage\":\"en-US\",\"potentialAction\":[{\"@type\":\"ReadAction\",\"target\":[\"https:\/\/www.jungfraeiske-maeinskup.frl\/en\/leeren\/leerpad\/\"]}]},{\"@type\":\"BreadcrumbList\",\"@id\":\"https:\/\/www.jungfraeiske-maeinskup.frl\/en\/leeren\/leerpad\/#breadcrumb\",\"itemListElement\":[{\"@type\":\"ListItem\",\"position\":1,\"name\":\"Startseite\",\"item\":\"https:\/\/www.jungfraeiske-maeinskup.frl\/\"},{\"@type\":\"ListItem\",\"position\":2,\"name\":\"Learn\",\"item\":\"https:\/\/www.jungfraeiske-maeinskup.frl\/en\/leeren\/\"},{\"@type\":\"ListItem\",\"position\":3,\"name\":\"East Frisian Learnpath\"}]},{\"@type\":\"WebSite\",\"@id\":\"https:\/\/www.jungfraeiske-maeinskup.frl\/#website\",\"url\":\"https:\/\/www.jungfraeiske-maeinskup.frl\/\",\"name\":\"Jungfr\u00e4iske M\u00e4inskup\",\"description\":\"M\u00e4inskup f\u00f6\u00f6r t\u00f3\u00f3l un kult\u00fcer\",\"publisher\":{\"@id\":\"https:\/\/www.jungfraeiske-maeinskup.frl\/#organization\"},\"potentialAction\":[{\"@type\":\"SearchAction\",\"target\":{\"@type\":\"EntryPoint\",\"urlTemplate\":\"https:\/\/www.jungfraeiske-maeinskup.frl\/?s={search_term_string}\"},\"query-input\":{\"@type\":\"PropertyValueSpecification\",\"valueRequired\":true,\"valueName\":\"search_term_string\"}}],\"inLanguage\":\"en-US\"},{\"@type\":\"Organization\",\"@id\":\"https:\/\/www.jungfraeiske-maeinskup.frl\/#organization\",\"name\":\"Jungfr\u00e4iske M\u00e4inskup\",\"url\":\"https:\/\/www.jungfraeiske-maeinskup.frl\/\",\"logo\":{\"@type\":\"ImageObject\",\"inLanguage\":\"en-US\",\"@id\":\"https:\/\/www.jungfraeiske-maeinskup.frl\/#\/schema\/logo\/image\/\",\"url\":\"https:\/\/www.jungfraeiske-maeinskup.frl\/wp-content\/uploads\/2020\/09\/logo_mit_hg.jpg\",\"contentUrl\":\"https:\/\/www.jungfraeiske-maeinskup.frl\/wp-content\/uploads\/2020\/09\/logo_mit_hg.jpg\",\"width\":1800,\"height\":1800,\"caption\":\"Jungfr\u00e4iske M\u00e4inskup\"},\"image\":{\"@id\":\"https:\/\/www.jungfraeiske-maeinskup.frl\/#\/schema\/logo\/image\/\"},\"sameAs\":[\"https:\/\/www.facebook.com\/jfmfrl\/\"]}]}<\/script>\n<!-- \/ Yoast SEO plugin. -->","yoast_head_json":{"title":"East Frisian Learnpath - Jungfr\u00e4iske M\u00e4inskup","robots":{"index":"index","follow":"follow","max-snippet":"max-snippet:-1","max-image-preview":"max-image-preview:large","max-video-preview":"max-video-preview:-1"},"canonical":"https:\/\/www.jungfraeiske-maeinskup.frl\/en\/leeren\/leerpad\/","og_locale":"en_US","og_type":"article","og_title":"East Frisian Learnpath - Jungfr\u00e4iske M\u00e4inskup","og_url":"https:\/\/www.jungfraeiske-maeinskup.frl\/en\/leeren\/leerpad\/","og_site_name":"Jungfr\u00e4iske M\u00e4inskup","article_publisher":"https:\/\/www.facebook.com\/jfmfrl\/","article_modified_time":"2025-12-16T10:39:22+00:00","twitter_card":"summary_large_image","twitter_misc":{"Est. reading time":"1 minute"},"schema":{"@context":"https:\/\/schema.org","@graph":[{"@type":"WebPage","@id":"https:\/\/www.jungfraeiske-maeinskup.frl\/en\/leeren\/leerpad\/","url":"https:\/\/www.jungfraeiske-maeinskup.frl\/en\/leeren\/leerpad\/","name":"East Frisian Learnpath - Jungfr\u00e4iske M\u00e4inskup","isPartOf":{"@id":"https:\/\/www.jungfraeiske-maeinskup.frl\/#website"},"datePublished":"2024-02-17T11:38:34+00:00","dateModified":"2025-12-16T10:39:22+00:00","breadcrumb":{"@id":"https:\/\/www.jungfraeiske-maeinskup.frl\/en\/leeren\/leerpad\/#breadcrumb"},"inLanguage":"en-US","potentialAction":[{"@type":"ReadAction","target":["https:\/\/www.jungfraeiske-maeinskup.frl\/en\/leeren\/leerpad\/"]}]},{"@type":"BreadcrumbList","@id":"https:\/\/www.jungfraeiske-maeinskup.frl\/en\/leeren\/leerpad\/#breadcrumb","itemListElement":[{"@type":"ListItem","position":1,"name":"Startseite","item":"https:\/\/www.jungfraeiske-maeinskup.frl\/"},{"@type":"ListItem","position":2,"name":"Learn","item":"https:\/\/www.jungfraeiske-maeinskup.frl\/en\/leeren\/"},{"@type":"ListItem","position":3,"name":"East Frisian Learnpath"}]},{"@type":"WebSite","@id":"https:\/\/www.jungfraeiske-maeinskup.frl\/#website","url":"https:\/\/www.jungfraeiske-maeinskup.frl\/","name":"Jungfr\u00e4iske M\u00e4inskup","description":"M\u00e4inskup f\u00f6\u00f6r t\u00f3\u00f3l un kult\u00fcer","publisher":{"@id":"https:\/\/www.jungfraeiske-maeinskup.frl\/#organization"},"potentialAction":[{"@type":"SearchAction","target":{"@type":"EntryPoint","urlTemplate":"https:\/\/www.jungfraeiske-maeinskup.frl\/?s={search_term_string}"},"query-input":{"@type":"PropertyValueSpecification","valueRequired":true,"valueName":"search_term_string"}}],"inLanguage":"en-US"},{"@type":"Organization","@id":"https:\/\/www.jungfraeiske-maeinskup.frl\/#organization","name":"Jungfr\u00e4iske M\u00e4inskup","url":"https:\/\/www.jungfraeiske-maeinskup.frl\/","logo":{"@type":"ImageObject","inLanguage":"en-US","@id":"https:\/\/www.jungfraeiske-maeinskup.frl\/#\/schema\/logo\/image\/","url":"https:\/\/www.jungfraeiske-maeinskup.frl\/wp-content\/uploads\/2020\/09\/logo_mit_hg.jpg","contentUrl":"https:\/\/www.jungfraeiske-maeinskup.frl\/wp-content\/uploads\/2020\/09\/logo_mit_hg.jpg","width":1800,"height":1800,"caption":"Jungfr\u00e4iske M\u00e4inskup"},"image":{"@id":"https:\/\/www.jungfraeiske-maeinskup.frl\/#\/schema\/logo\/image\/"},"sameAs":["https:\/\/www.facebook.com\/jfmfrl\/"]}]}},"_links":{"self":[{"href":"https:\/\/www.jungfraeiske-maeinskup.frl\/en\/wp-json\/wp\/v2\/pages\/2282","targetHints":{"allow":["GET"]}}],"collection":[{"href":"https:\/\/www.jungfraeiske-maeinskup.frl\/en\/wp-json\/wp\/v2\/pages"}],"about":[{"href":"https:\/\/www.jungfraeiske-maeinskup.frl\/en\/wp-json\/wp\/v2\/types\/page"}],"author":[{"embeddable":true,"href":"https:\/\/www.jungfraeiske-maeinskup.frl\/en\/wp-json\/wp\/v2\/users\/2"}],"replies":[{"embeddable":true,"href":"https:\/\/www.jungfraeiske-maeinskup.frl\/en\/wp-json\/wp\/v2\/comments?post=2282"}],"version-history":[{"count":20,"href":"https:\/\/www.jungfraeiske-maeinskup.frl\/en\/wp-json\/wp\/v2\/pages\/2282\/revisions"}],"predecessor-version":[{"id":2675,"href":"https:\/\/www.jungfraeiske-maeinskup.frl\/en\/wp-json\/wp\/v2\/pages\/2282\/revisions\/2675"}],"up":[{"embeddable":true,"href":"https:\/\/www.jungfraeiske-maeinskup.frl\/en\/wp-json\/wp\/v2\/pages\/2277"}],"wp:attachment":[{"href":"https:\/\/www.jungfraeiske-maeinskup.frl\/en\/wp-json\/wp\/v2\/media?parent=2282"}],"curies":[{"name":"wp","href":"https:\/\/api.w.org\/{rel}","templated":true}]}}