{"id":2618,"date":"2025-06-06T14:22:04","date_gmt":"2025-06-06T12:22:04","guid":{"rendered":"https:\/\/www.jungfraeiske-maeinskup.frl\/?page_id=2618"},"modified":"2025-06-09T19:00:05","modified_gmt":"2025-06-09T17:00:05","slug":"fraisk-klooren","status":"publish","type":"page","link":"https:\/\/www.jungfraeiske-maeinskup.frl\/en\/fraisk-klooren\/","title":{"rendered":"Fr\u00e4isk kl\u00f6\u00f6ren wiisen"},"content":{"rendered":"<div class=\"everest-forms\"><div class=\"evf-container default\" id=\"evf-2616\"><form id=\"evf-form-2616\" class=\"everest-form\" data-formid=\"2616\" data-ajax_submission=\"0\" data-keyboard_friendly_form=\"0\" data-form_state_type=\"\" method=\"post\" enctype=\"multipart\/form-data\" action=\"\/en\/wp-json\/wp\/v2\/pages\/2618\"><div class=\"evf-field-container\"><input type=\"hidden\" id=\"_wpnonce2616\" name=\"_wpnonce2616\" value=\"fda2355007\" \/><input type=\"hidden\" name=\"_wp_http_referer\" value=\"\/en\/wp-json\/wp\/v2\/pages\/2618\" \/><div class=\"evf-frontend-row\" data-row=\"row_1\" conditional_rules=\"[]\"><div class=\"evf-frontend-grid evf-grid-2\" data-grid=\"grid_1\"><div id=\"evf-2616-field_B32CmXXi0B-1-container\" class=\"evf-field evf-field-image-upload form-row validate-required\" data-required-field-message=\"This field is required.\" data-field-id=\"B32CmXXi0B-1\"><label class=\"evf-field-label\" for=\"evf-2616-field_B32CmXXi0B-1\"><span class=\"evf-label\">Bild fan diin fr\u00e4isk fl\u00e2a\u011f \/ Bild deiner friesischen Flagge<\/span> <abbr class=\"required\" title=\"Required\">*<\/abbr><\/label>\t\t<div class=\"everest-forms-uploader\"\n\t\t\tdata-field-id=\"B32CmXXi0B-1\"\n\t\t\tdata-form-id=\"2616\"\n\t\t\tdata-input-name=\"everest_forms_2616_B32CmXXi0B-1\"\n\t\t\tdata-extensions=\"jpg,bmp,png,jpeg,tiff\"\n\t\t\tdata-max-size=\"8388608\"\n\t\t\tdata-max-file-number=\"1\"\n\t\t\tdata-post-max-size=\"8388608\"\n\t\t\tdata-current-file-count=\"0\"\n\t\t\t>\n\t\t\t<div class=\"dz-message\">\n\t\t\t\t<svg xmlns=\"http:\/\/www.w3.org\/2000\/svg\" viewBox=\"0 0 32 32\" width=\"32px\" height=\"32px\" fill=\"#868e96\"><path class=\"cls-1\" d=\"M18.12,17.52,17,16.4V25a1,1,0,0,1-2,0V16.4l-1.12,1.12a1,1,0,0,1-1.42,0,1,1,0,0,1,0-1.41l2.83-2.83a1,1,0,0,1,1.42,0l2.83,2.83a1,1,0,0,1-.71,1.7A1,1,0,0,1,18.12,17.52ZM22,22H20a1,1,0,0,1,0-2h2a4,4,0,0,0,.27-8,1,1,0,0,1-.84-.57,6,6,0,0,0-11.36,1.69,1,1,0,0,1-1,.86H9A3,3,0,0,0,9,20h3a1,1,0,0,1,0,2H9a5,5,0,0,1-.75-9.94A8,8,0,0,1,23,10.1,6,6,0,0,1,22,22Z\"\/><\/svg>\n\t\t\t\t<span class=\"everest-forms-upload-title\">\n\t\t\t\t\tL\u00f3\u00f3d hir diin bild hoo\u011f \/ Lade hier dein Bild hoch\t\t\t\t<\/span>\n\n\t\t\t\t\t\t\t\t\t<span class=\"everest-forms-upload-hint\">\n\t\t\t\t\t\tDuu kaast \u00e4in bild hoo\u011fl\u00f3\u00f3den \/ Du kannst ein Bild hochladen\t\t\t\t\t<\/span>\n\t\t\t\t\t\t\t<\/div>\n\t\t\t\t\t<\/div>\n\t\t<input type=\"text\" class=\"dropzone-input input-text\" id=\"everest-forms-2616-field_B32CmXXi0B-1\" name=\"everest_forms_2616_B32CmXXi0B-1\" required conditional_id=\"\" conditional_rules=''>\n\t\t<\/div><\/div><div class=\"evf-frontend-grid evf-grid-2\" data-grid=\"grid_2\"><\/div><\/div><\/div><div class=\"evf-honeypot-container evf-field-hp\"><label for=\"evf-2616-field-hp\" class=\"evf-field-label\">Name<\/label><input type=\"text\" name=\"everest_forms[hp]\" id=\"evf-2616-field-hp\" class=\"input-text\"><\/div><div class=\"evf-submit-container \" ><input type=\"hidden\" name=\"everest_forms[id]\" value=\"2616\"><input type=\"hidden\" name=\"everest_forms[author]\" value=\"4\"><button type='submit' name='everest_forms[submit]' class='everest-forms-submit-button button evf-submit ' id='evf-submit-2616' value='evf-submit' data-process-text=\"Word&#039;t beaarbaid&#039;t ...\" conditional_rules='&quot;&quot;' conditional_id='evf-submit-2616'  id=\"evf-submit-2616\" aria-live=\"assertive\">Ofst\u00fcren \/ Abschicken<\/button><\/div><\/form><\/div><!-- .evf-container --><\/div>\n","protected":false},"excerpt":{"rendered":"","protected":false},"author":4,"featured_media":0,"parent":0,"menu_order":0,"comment_status":"closed","ping_status":"closed","template":"","meta":{"footnotes":""},"class_list":["post-2618","page","type-page","status-publish","hentry"],"translation":{"provider":"WPGlobus","version":"3.0.2","language":"en","enabled_languages":["fs","de","en"],"languages":{"fs":{"title":true,"content":true,"excerpt":false},"de":{"title":true,"content":true,"excerpt":false},"en":{"title":true,"content":true,"excerpt":false}}},"yoast_head":"<!-- This site is optimized with the Yoast SEO plugin v27.1 - https:\/\/yoast.com\/product\/yoast-seo-wordpress\/ -->\n<title>Fr\u00e4isk kl\u00f6\u00f6ren wiisen - Jungfr\u00e4iske M\u00e4inskup<\/title>\n<meta name=\"robots\" content=\"index, follow, max-snippet:-1, max-image-preview:large, max-video-preview:-1\" \/>\n<link rel=\"canonical\" href=\"https:\/\/www.jungfraeiske-maeinskup.frl\/en\/fraisk-klooren\/\" \/>\n<meta property=\"og:locale\" content=\"en_US\" \/>\n<meta property=\"og:type\" content=\"article\" \/>\n<meta property=\"og:title\" content=\"Fr\u00e4isk kl\u00f6\u00f6ren wiisen - Jungfr\u00e4iske M\u00e4inskup\" \/>\n<meta property=\"og:url\" content=\"https:\/\/www.jungfraeiske-maeinskup.frl\/en\/fraisk-klooren\/\" \/>\n<meta property=\"og:site_name\" content=\"Jungfr\u00e4iske M\u00e4inskup\" \/>\n<meta property=\"article:publisher\" content=\"https:\/\/www.facebook.com\/jfmfrl\/\" \/>\n<meta property=\"article:modified_time\" content=\"2025-06-09T17:00:05+00:00\" \/>\n<meta property=\"og:image\" content=\"https:\/\/www.jungfraeiske-maeinskup.frl\/wp-content\/uploads\/2025\/06\/WhatsApp-Bild-2025-06-06-um-23.08.27_1eeaca45-1024x783.jpg\" \/>\n<meta name=\"twitter:card\" content=\"summary_large_image\" \/>\n<meta name=\"twitter:label1\" content=\"Est. reading time\" \/>\n\t<meta name=\"twitter:data1\" content=\"1 minute\" \/>\n<script type=\"application\/ld+json\" class=\"yoast-schema-graph\">{\"@context\":\"https:\/\/schema.org\",\"@graph\":[{\"@type\":\"WebPage\",\"@id\":\"https:\/\/www.jungfraeiske-maeinskup.frl\/en\/fraisk-klooren\/\",\"url\":\"https:\/\/www.jungfraeiske-maeinskup.frl\/en\/fraisk-klooren\/\",\"name\":\"Fr\u00e4isk kl\u00f6\u00f6ren wiisen - Jungfr\u00e4iske M\u00e4inskup\",\"isPartOf\":{\"@id\":\"https:\/\/www.jungfraeiske-maeinskup.frl\/#website\"},\"primaryImageOfPage\":{\"@id\":\"https:\/\/www.jungfraeiske-maeinskup.frl\/en\/fraisk-klooren\/#primaryimage\"},\"image\":{\"@id\":\"https:\/\/www.jungfraeiske-maeinskup.frl\/en\/fraisk-klooren\/#primaryimage\"},\"thumbnailUrl\":\"https:\/\/www.jungfraeiske-maeinskup.frl\/wp-content\/uploads\/2025\/06\/WhatsApp-Bild-2025-06-06-um-23.08.27_1eeaca45-1024x783.jpg\",\"datePublished\":\"2025-06-06T12:22:04+00:00\",\"dateModified\":\"2025-06-09T17:00:05+00:00\",\"breadcrumb\":{\"@id\":\"https:\/\/www.jungfraeiske-maeinskup.frl\/en\/fraisk-klooren\/#breadcrumb\"},\"inLanguage\":\"en-US\",\"potentialAction\":[{\"@type\":\"ReadAction\",\"target\":[\"https:\/\/www.jungfraeiske-maeinskup.frl\/en\/fraisk-klooren\/\"]}]},{\"@type\":\"ImageObject\",\"inLanguage\":\"en-US\",\"@id\":\"https:\/\/www.jungfraeiske-maeinskup.frl\/en\/fraisk-klooren\/#primaryimage\",\"url\":\"https:\/\/www.jungfraeiske-maeinskup.frl\/wp-content\/uploads\/2025\/06\/WhatsApp-Bild-2025-06-06-um-23.08.27_1eeaca45-1024x783.jpg\",\"contentUrl\":\"https:\/\/www.jungfraeiske-maeinskup.frl\/wp-content\/uploads\/2025\/06\/WhatsApp-Bild-2025-06-06-um-23.08.27_1eeaca45-1024x783.jpg\"},{\"@type\":\"BreadcrumbList\",\"@id\":\"https:\/\/www.jungfraeiske-maeinskup.frl\/en\/fraisk-klooren\/#breadcrumb\",\"itemListElement\":[{\"@type\":\"ListItem\",\"position\":1,\"name\":\"Startseite\",\"item\":\"https:\/\/www.jungfraeiske-maeinskup.frl\/\"},{\"@type\":\"ListItem\",\"position\":2,\"name\":\"Fr\u00e4isk kl\u00f6\u00f6ren wiisen\"}]},{\"@type\":\"WebSite\",\"@id\":\"https:\/\/www.jungfraeiske-maeinskup.frl\/#website\",\"url\":\"https:\/\/www.jungfraeiske-maeinskup.frl\/\",\"name\":\"Jungfr\u00e4iske M\u00e4inskup\",\"description\":\"M\u00e4inskup f\u00f6\u00f6r t\u00f3\u00f3l un kult\u00fcer\",\"publisher\":{\"@id\":\"https:\/\/www.jungfraeiske-maeinskup.frl\/#organization\"},\"potentialAction\":[{\"@type\":\"SearchAction\",\"target\":{\"@type\":\"EntryPoint\",\"urlTemplate\":\"https:\/\/www.jungfraeiske-maeinskup.frl\/?s={search_term_string}\"},\"query-input\":{\"@type\":\"PropertyValueSpecification\",\"valueRequired\":true,\"valueName\":\"search_term_string\"}}],\"inLanguage\":\"en-US\"},{\"@type\":\"Organization\",\"@id\":\"https:\/\/www.jungfraeiske-maeinskup.frl\/#organization\",\"name\":\"Jungfr\u00e4iske M\u00e4inskup\",\"url\":\"https:\/\/www.jungfraeiske-maeinskup.frl\/\",\"logo\":{\"@type\":\"ImageObject\",\"inLanguage\":\"en-US\",\"@id\":\"https:\/\/www.jungfraeiske-maeinskup.frl\/#\/schema\/logo\/image\/\",\"url\":\"https:\/\/www.jungfraeiske-maeinskup.frl\/wp-content\/uploads\/2020\/09\/logo_mit_hg.jpg\",\"contentUrl\":\"https:\/\/www.jungfraeiske-maeinskup.frl\/wp-content\/uploads\/2020\/09\/logo_mit_hg.jpg\",\"width\":1800,\"height\":1800,\"caption\":\"Jungfr\u00e4iske M\u00e4inskup\"},\"image\":{\"@id\":\"https:\/\/www.jungfraeiske-maeinskup.frl\/#\/schema\/logo\/image\/\"},\"sameAs\":[\"https:\/\/www.facebook.com\/jfmfrl\/\"]}]}<\/script>\n<!-- \/ Yoast SEO plugin. -->","yoast_head_json":{"title":"Fr\u00e4isk kl\u00f6\u00f6ren wiisen - Jungfr\u00e4iske M\u00e4inskup","robots":{"index":"index","follow":"follow","max-snippet":"max-snippet:-1","max-image-preview":"max-image-preview:large","max-video-preview":"max-video-preview:-1"},"canonical":"https:\/\/www.jungfraeiske-maeinskup.frl\/en\/fraisk-klooren\/","og_locale":"en_US","og_type":"article","og_title":"Fr\u00e4isk kl\u00f6\u00f6ren wiisen - Jungfr\u00e4iske M\u00e4inskup","og_url":"https:\/\/www.jungfraeiske-maeinskup.frl\/en\/fraisk-klooren\/","og_site_name":"Jungfr\u00e4iske M\u00e4inskup","article_publisher":"https:\/\/www.facebook.com\/jfmfrl\/","article_modified_time":"2025-06-09T17:00:05+00:00","og_image":[{"url":"https:\/\/www.jungfraeiske-maeinskup.frl\/wp-content\/uploads\/2025\/06\/WhatsApp-Bild-2025-06-06-um-23.08.27_1eeaca45-1024x783.jpg","type":"","width":"","height":""}],"twitter_card":"summary_large_image","twitter_misc":{"Est. reading time":"1 minute"},"schema":{"@context":"https:\/\/schema.org","@graph":[{"@type":"WebPage","@id":"https:\/\/www.jungfraeiske-maeinskup.frl\/en\/fraisk-klooren\/","url":"https:\/\/www.jungfraeiske-maeinskup.frl\/en\/fraisk-klooren\/","name":"Fr\u00e4isk kl\u00f6\u00f6ren wiisen - Jungfr\u00e4iske M\u00e4inskup","isPartOf":{"@id":"https:\/\/www.jungfraeiske-maeinskup.frl\/#website"},"primaryImageOfPage":{"@id":"https:\/\/www.jungfraeiske-maeinskup.frl\/en\/fraisk-klooren\/#primaryimage"},"image":{"@id":"https:\/\/www.jungfraeiske-maeinskup.frl\/en\/fraisk-klooren\/#primaryimage"},"thumbnailUrl":"https:\/\/www.jungfraeiske-maeinskup.frl\/wp-content\/uploads\/2025\/06\/WhatsApp-Bild-2025-06-06-um-23.08.27_1eeaca45-1024x783.jpg","datePublished":"2025-06-06T12:22:04+00:00","dateModified":"2025-06-09T17:00:05+00:00","breadcrumb":{"@id":"https:\/\/www.jungfraeiske-maeinskup.frl\/en\/fraisk-klooren\/#breadcrumb"},"inLanguage":"en-US","potentialAction":[{"@type":"ReadAction","target":["https:\/\/www.jungfraeiske-maeinskup.frl\/en\/fraisk-klooren\/"]}]},{"@type":"ImageObject","inLanguage":"en-US","@id":"https:\/\/www.jungfraeiske-maeinskup.frl\/en\/fraisk-klooren\/#primaryimage","url":"https:\/\/www.jungfraeiske-maeinskup.frl\/wp-content\/uploads\/2025\/06\/WhatsApp-Bild-2025-06-06-um-23.08.27_1eeaca45-1024x783.jpg","contentUrl":"https:\/\/www.jungfraeiske-maeinskup.frl\/wp-content\/uploads\/2025\/06\/WhatsApp-Bild-2025-06-06-um-23.08.27_1eeaca45-1024x783.jpg"},{"@type":"BreadcrumbList","@id":"https:\/\/www.jungfraeiske-maeinskup.frl\/en\/fraisk-klooren\/#breadcrumb","itemListElement":[{"@type":"ListItem","position":1,"name":"Startseite","item":"https:\/\/www.jungfraeiske-maeinskup.frl\/"},{"@type":"ListItem","position":2,"name":"Fr\u00e4isk kl\u00f6\u00f6ren wiisen"}]},{"@type":"WebSite","@id":"https:\/\/www.jungfraeiske-maeinskup.frl\/#website","url":"https:\/\/www.jungfraeiske-maeinskup.frl\/","name":"Jungfr\u00e4iske M\u00e4inskup","description":"M\u00e4inskup f\u00f6\u00f6r t\u00f3\u00f3l un kult\u00fcer","publisher":{"@id":"https:\/\/www.jungfraeiske-maeinskup.frl\/#organization"},"potentialAction":[{"@type":"SearchAction","target":{"@type":"EntryPoint","urlTemplate":"https:\/\/www.jungfraeiske-maeinskup.frl\/?s={search_term_string}"},"query-input":{"@type":"PropertyValueSpecification","valueRequired":true,"valueName":"search_term_string"}}],"inLanguage":"en-US"},{"@type":"Organization","@id":"https:\/\/www.jungfraeiske-maeinskup.frl\/#organization","name":"Jungfr\u00e4iske M\u00e4inskup","url":"https:\/\/www.jungfraeiske-maeinskup.frl\/","logo":{"@type":"ImageObject","inLanguage":"en-US","@id":"https:\/\/www.jungfraeiske-maeinskup.frl\/#\/schema\/logo\/image\/","url":"https:\/\/www.jungfraeiske-maeinskup.frl\/wp-content\/uploads\/2020\/09\/logo_mit_hg.jpg","contentUrl":"https:\/\/www.jungfraeiske-maeinskup.frl\/wp-content\/uploads\/2020\/09\/logo_mit_hg.jpg","width":1800,"height":1800,"caption":"Jungfr\u00e4iske M\u00e4inskup"},"image":{"@id":"https:\/\/www.jungfraeiske-maeinskup.frl\/#\/schema\/logo\/image\/"},"sameAs":["https:\/\/www.facebook.com\/jfmfrl\/"]}]}},"_links":{"self":[{"href":"https:\/\/www.jungfraeiske-maeinskup.frl\/en\/wp-json\/wp\/v2\/pages\/2618","targetHints":{"allow":["GET"]}}],"collection":[{"href":"https:\/\/www.jungfraeiske-maeinskup.frl\/en\/wp-json\/wp\/v2\/pages"}],"about":[{"href":"https:\/\/www.jungfraeiske-maeinskup.frl\/en\/wp-json\/wp\/v2\/types\/page"}],"author":[{"embeddable":true,"href":"https:\/\/www.jungfraeiske-maeinskup.frl\/en\/wp-json\/wp\/v2\/users\/4"}],"replies":[{"embeddable":true,"href":"https:\/\/www.jungfraeiske-maeinskup.frl\/en\/wp-json\/wp\/v2\/comments?post=2618"}],"version-history":[{"count":11,"href":"https:\/\/www.jungfraeiske-maeinskup.frl\/en\/wp-json\/wp\/v2\/pages\/2618\/revisions"}],"predecessor-version":[{"id":2639,"href":"https:\/\/www.jungfraeiske-maeinskup.frl\/en\/wp-json\/wp\/v2\/pages\/2618\/revisions\/2639"}],"wp:attachment":[{"href":"https:\/\/www.jungfraeiske-maeinskup.frl\/en\/wp-json\/wp\/v2\/media?parent=2618"}],"curies":[{"name":"wp","href":"https:\/\/api.w.org\/{rel}","templated":true}]}}